{"id":524,"date":"2017-12-03T22:14:10","date_gmt":"2017-12-03T22:14:10","guid":{"rendered":"http:\/\/simula.barcelona\/?page_id=524"},"modified":"2021-01-08T18:40:58","modified_gmt":"2021-01-08T17:40:58","slug":"ctgi","status":"publish","type":"page","link":"https:\/\/simula.barcelona\/index.php\/ctgi\/","title":{"rendered":"CTGi"},"content":{"rendered":"<div id=\"pl-524\"  class=\"panel-layout\" ><div id=\"pg-524-0\"  class=\"panel-grid panel-has-style\" ><div style=\"padding: 100px 0; \" data-overlay=\"true\" data-overlay-color=\"#000000\" class=\"panel-row-style panel-row-style-for-524-0\" ><div id=\"pgc-524-0-0\"  class=\"panel-grid-cell\" ><div id=\"panel-524-0-0-0\" class=\"so-panel widget widget_sow-headline panel-first-child\" data-index=\"0\" ><div style=\"text-align: left;\" data-title-color=\"#443f3f\" data-headings-color=\"#dd9292\" class=\"panel-widget-style panel-widget-style-for-524-0-0-0\" ><div\n\t\t\t\n\t\t\tclass=\"so-widget-sow-headline so-widget-sow-headline-default-33dbd9901533-524\"\n\t\t\t\n\t\t><div class=\"sow-headline-container \">\n\t\t\t\t\t\t\t<h1 class=\"sow-headline\">\n\t\t\t\t\t\tCTGi\t\t\t\t\t\t<\/h1>\n\t\t\t\t\t\t\t\t\t\t\t<div class=\"decoration\">\n\t\t\t\t\t\t<div class=\"decoration-inside\"><\/div>\n\t\t\t\t\t<\/div>\n\t\t\t\t\t<\/div>\n<\/div><\/div><\/div><div id=\"panel-524-0-0-1\" class=\"so-panel widget widget_sydney_image_widget sydney_image_widget_widget panel-last-child\" data-index=\"1\" ><div style=\"text-align: center;\" data-title-color=\"#443f3f\" data-headings-color=\"#443f3f\" class=\"panel-widget-style panel-widget-style-for-524-0-0-1\" ><div style=\"display:inline-block;max-width:100%;\" class=\"sydney-image\"><img src=\"https:\/\/simula.barcelona\/wp-content\/uploads\/CTGi-scaled.jpg\"\/><\/div><\/div><\/div><\/div><\/div><\/div><div id=\"pg-524-1\"  class=\"panel-grid panel-has-style\" ><div style=\"padding: 0px 0; \" data-overlay=\"true\" data-overlay-color=\"#000000\" class=\"panel-row-style panel-row-style-for-524-1\" ><div id=\"pgc-524-1-0\"  class=\"panel-grid-cell\" ><div id=\"panel-524-1-0-0\" class=\"so-panel widget widget_media_image panel-first-child panel-last-child\" data-index=\"2\" ><div style=\"text-align: center;\" data-title-color=\"#443f3f\" data-headings-color=\"#443f3f\" class=\"panel-widget-style panel-widget-style-for-524-1-0-0\" ><h3 class=\"widget-title\">CTGi<\/h3><img width=\"960\" height=\"660\" src=\"https:\/\/simula.barcelona\/wp-content\/uploads\/ctgiSlider.png\" class=\"image wp-image-320  attachment-full size-full\" alt=\"\" loading=\"lazy\" style=\"max-width: 100%; height: auto;\" srcset=\"https:\/\/simula.barcelona\/wp-content\/uploads\/ctgiSlider.png 960w, https:\/\/simula.barcelona\/wp-content\/uploads\/ctgiSlider-300x206.png 300w, https:\/\/simula.barcelona\/wp-content\/uploads\/ctgiSlider-768x528.png 768w, https:\/\/simula.barcelona\/wp-content\/uploads\/ctgiSlider-830x571.png 830w, https:\/\/simula.barcelona\/wp-content\/uploads\/ctgiSlider-230x158.png 230w, https:\/\/simula.barcelona\/wp-content\/uploads\/ctgiSlider-350x241.png 350w, https:\/\/simula.barcelona\/wp-content\/uploads\/ctgiSlider-480x330.png 480w\" sizes=\"(max-width: 960px) 100vw, 960px\" \/><\/div><\/div><\/div><div id=\"pgc-524-1-1\"  class=\"panel-grid-cell\" ><div id=\"panel-524-1-1-0\" class=\"so-panel widget widget_text panel-first-child panel-last-child\" data-index=\"3\" ><div style=\"text-align: left;\" data-title-color=\"#443f3f\" data-headings-color=\"#443f3f\" class=\"panel-widget-style panel-widget-style-for-524-1-1-0\" ><h3 class=\"widget-title\">LA PRIMERA TECNOLOG\u00cdA EN SIMULACI\u00d3N CARDIOTOCOGR\u00c1FICA DEL MUNDO<\/h3>\t\t\t<div class=\"textwidget\"><p>Con CTGi podr\u00e1s disponer de un simulador de monitor fetal realista, a la par que econ\u00f3mico.<br \/>\nCTGi es ideal para el entrenamiento \u201cin situ\u201c por su ligereza y simplicidad de manejo, utilizando \u00fanicamente dos iPads.<br \/>\nCTGi proporciona a los instructores una gran herramienta para entrenar y a los estudiantes una plataforma realista para aprender.<br \/>\nCTGi ofrece simulaci\u00f3n obst\u00e9trica como nunca la hab\u00edas visto antes, en una tecnolog\u00eda de uso cotidiano.<\/p>\n<\/div>\n\t\t<\/div><\/div><\/div><\/div><\/div><div id=\"pg-524-2\"  class=\"panel-grid panel-has-style\" ><div style=\"padding: 10px 0; \" data-overlay=\"true\" data-overlay-color=\"#000000\" class=\"panel-row-style panel-row-style-for-524-2\" ><div id=\"pgc-524-2-0\"  class=\"panel-grid-cell\" ><div id=\"panel-524-2-0-0\" class=\"so-panel widget widget_sydney_action sydney_action_widget panel-first-child panel-last-child\" data-index=\"4\" ><div style=\"text-align: left;\" data-title-color=\"#443f3f\" data-headings-color=\"#443f3f\" class=\"panel-widget-style panel-widget-style-for-524-2-0-0\" >        <div class=\"roll-promobox \">\r\n\t\t\t<div class=\"promo-wrap\">\r\n\t\t\t\t\t\t\t\t<div class=\"promo-controls\">\r\n\t\t\t\t\t<a href=\"\" class=\"roll-button border\">\u00bfQuieres probarlo?<\/a>\r\n\t\t\t\t<\/div>\r\n\t\t\t<\/div>\r\n        <\/div>\r\n\t<\/div><\/div><\/div><\/div><\/div><div id=\"pg-524-3\"  class=\"panel-grid panel-has-style\" ><div style=\"padding: 100px 0; \" data-overlay=\"true\" data-overlay-color=\"#000000\" class=\"panel-row-style panel-row-style-for-524-3\" ><div id=\"pgc-524-3-0\"  class=\"panel-grid-cell\" ><div id=\"panel-524-3-0-0\" class=\"so-panel widget widget_sydney_video_widget sydney_video_widget_widget panel-first-child panel-last-child\" data-index=\"5\" ><div style=\"text-align: left;\" data-title-color=\"#443f3f\" data-headings-color=\"#443f3f\" class=\"panel-widget-style panel-widget-style-for-524-3-0-0\" ><iframe title=\"CTGi 1-1 Introduction\" width=\"1170\" height=\"658\" src=\"https:\/\/www.youtube.com\/embed\/UhBECe7SZT0?feature=oembed\" frameborder=\"0\" allow=\"accelerometer; autoplay; clipboard-write; encrypted-media; gyroscope; picture-in-picture; web-share\" referrerpolicy=\"strict-origin-when-cross-origin\" allowfullscreen><\/iframe><\/div><\/div><\/div><\/div><\/div><div id=\"pg-524-4\"  class=\"panel-grid panel-has-style\" ><div style=\"padding: 20px 0; \" data-overlay=\"true\" data-overlay-color=\"#000000\" class=\"panel-row-style panel-row-style-for-524-4\" ><div id=\"pgc-524-4-0\"  class=\"panel-grid-cell\" ><div id=\"panel-524-4-0-0\" class=\"so-panel widget widget_media_image panel-first-child panel-last-child\" data-index=\"6\" ><div style=\"text-align: center;\" data-title-color=\"#443f3f\" data-headings-color=\"#443f3f\" class=\"panel-widget-style panel-widget-style-for-524-4-0-0\" ><h3 class=\"widget-title\">ACELERACIONES<\/h3><img width=\"250\" height=\"250\" src=\"https:\/\/simula.barcelona\/wp-content\/uploads\/CTGi-ACELERACIONES.jpg\" class=\"image wp-image-735  attachment-full size-full\" alt=\"\" loading=\"lazy\" style=\"max-width: 100%; height: auto;\" srcset=\"https:\/\/simula.barcelona\/wp-content\/uploads\/CTGi-ACELERACIONES.jpg 250w, https:\/\/simula.barcelona\/wp-content\/uploads\/CTGi-ACELERACIONES-150x150.jpg 150w, https:\/\/simula.barcelona\/wp-content\/uploads\/CTGi-ACELERACIONES-230x230.jpg 230w\" sizes=\"(max-width: 250px) 100vw, 250px\" \/><\/div><\/div><\/div><div id=\"pgc-524-4-1\"  class=\"panel-grid-cell\" ><div id=\"panel-524-4-1-0\" class=\"so-panel widget widget_media_image panel-first-child panel-last-child\" data-index=\"7\" ><div style=\"text-align: center;\" data-title-color=\"#443f3f\" data-headings-color=\"#443f3f\" class=\"panel-widget-style panel-widget-style-for-524-4-1-0\" ><h3 class=\"widget-title\">DECELERACIONES<\/h3><img width=\"250\" height=\"250\" src=\"https:\/\/simula.barcelona\/wp-content\/uploads\/CTGi-DECELERACIONES.jpg\" class=\"image wp-image-532  attachment-full size-full\" alt=\"\" loading=\"lazy\" style=\"max-width: 100%; height: auto;\" srcset=\"https:\/\/simula.barcelona\/wp-content\/uploads\/CTGi-DECELERACIONES.jpg 250w, https:\/\/simula.barcelona\/wp-content\/uploads\/CTGi-DECELERACIONES-150x150.jpg 150w, https:\/\/simula.barcelona\/wp-content\/uploads\/CTGi-DECELERACIONES-230x230.jpg 230w\" sizes=\"(max-width: 250px) 100vw, 250px\" \/><\/div><\/div><\/div><div id=\"pgc-524-4-2\"  class=\"panel-grid-cell\" ><div id=\"panel-524-4-2-0\" class=\"so-panel widget widget_media_image panel-first-child panel-last-child\" data-index=\"8\" ><div style=\"text-align: center;\" data-title-color=\"#443f3f\" data-headings-color=\"#443f3f\" class=\"panel-widget-style panel-widget-style-for-524-4-2-0\" ><h3 class=\"widget-title\">SINUSOIDAL<\/h3><img width=\"250\" height=\"250\" src=\"https:\/\/simula.barcelona\/wp-content\/uploads\/CTGi-SINUSOIDAL.jpg\" class=\"image wp-image-530  attachment-full size-full\" alt=\"\" loading=\"lazy\" style=\"max-width: 100%; height: auto;\" srcset=\"https:\/\/simula.barcelona\/wp-content\/uploads\/CTGi-SINUSOIDAL.jpg 250w, https:\/\/simula.barcelona\/wp-content\/uploads\/CTGi-SINUSOIDAL-150x150.jpg 150w, https:\/\/simula.barcelona\/wp-content\/uploads\/CTGi-SINUSOIDAL-230x230.jpg 230w\" sizes=\"(max-width: 250px) 100vw, 250px\" \/><\/div><\/div><\/div><\/div><\/div><div id=\"pg-524-5\"  class=\"panel-grid panel-has-style\" ><div style=\"padding: 20px 0; \" data-overlay=\"true\" data-overlay-color=\"#000000\" class=\"panel-row-style panel-row-style-for-524-5\" ><div id=\"pgc-524-5-0\"  class=\"panel-grid-cell\" ><div id=\"panel-524-5-0-0\" class=\"so-panel widget widget_text panel-first-child panel-last-child\" data-index=\"9\" ><div style=\"text-align: left;\" data-title-color=\"#443f3f\" data-headings-color=\"#443f3f\" class=\"panel-widget-style panel-widget-style-for-524-5-0-0\" ><h3 class=\"widget-title\">LA MEJOR EXPERIENCIA POSIBLE<\/h3>\t\t\t<div class=\"textwidget\"><div id=\"wrapper\">\n<div id=\"main\">\n<div id=\"primary\" class=\"content-area one-column\">\n<div class=\"product-feature-list-box\">\n<div class=\"wrap\">\n<div class=\"cols cols2\">\n<div class=\"col\">\n<div class=\"product-feature-details-box\">\n<div class=\"product-feature-details\">\n<p>Desarrollamos lo mejor en tecnolog\u00eda de interfaz de usuario con el iPad de Apple. Si utilizas habitualmente un smartphone o tablet, ya est\u00e1s listo para usar CTGi.\u00a0Nuestro panel de control basado en gestos est\u00e1 dise\u00f1ado para proporcionar una funcionalidad avanzada sin la complejidad de los sistemas tradicionales. Utilizamos la mejor tecnolog\u00eda m\u00f3vil para ofrecerte una experiencia uniforme desde el inicio al final.<\/p>\n<\/div>\n<\/div>\n<\/div>\n<\/div>\n<\/div>\n<\/div>\n<\/div>\n<\/div>\n<\/div>\n<\/div>\n\t\t<\/div><\/div><\/div><div id=\"pgc-524-5-1\"  class=\"panel-grid-cell\" ><div id=\"panel-524-5-1-0\" class=\"so-panel widget widget_text panel-first-child panel-last-child\" data-index=\"10\" ><div style=\"text-align: left;\" data-title-color=\"#443f3f\" data-headings-color=\"#443f3f\" class=\"panel-widget-style panel-widget-style-for-524-5-1-0\" ><h3 class=\"widget-title\">PORT\u00c1TIL Y PROTEGIDO<\/h3>\t\t\t<div class=\"textwidget\"><div id=\"wrapper\">\n<div id=\"main\">\n<div id=\"primary\" class=\"content-area one-column\">\n<div class=\"product-feature-list-box\">\n<div class=\"wrap\">\n<div class=\"cols cols2\">\n<div class=\"col\">\n<div class=\"product-feature-details-box\">\n<div class=\"product-feature-details\">\n<p>Coloca tu monitor CTGi en su soporte para mantenerlo protegido en tus simulaciones, all\u00e1 donde vayas, con una apariencia realista de toc\u00f3grafo.<\/p>\n<\/div>\n<\/div>\n<\/div>\n<\/div>\n<\/div>\n<\/div>\n<\/div>\n<\/div>\n<\/div>\n<\/div>\n\t\t<\/div><\/div><\/div><div id=\"pgc-524-5-2\"  class=\"panel-grid-cell\" ><div id=\"panel-524-5-2-0\" class=\"so-panel widget widget_text panel-first-child panel-last-child\" data-index=\"11\" ><div style=\"text-align: left;\" data-title-color=\"#443f3f\" data-headings-color=\"#443f3f\" class=\"panel-widget-style panel-widget-style-for-524-5-2-0\" ><h3 class=\"widget-title\">REALISTA EN FUNCI\u00d3N Y EN DETALLES<\/h3>\t\t\t<div class=\"textwidget\"><div id=\"wrapper\">\n<div id=\"main\">\n<div id=\"primary\" class=\"content-area one-column\">\n<div class=\"product-feature-list-box\">\n<div class=\"wrap\">\n<div class=\"cols cols2\">\n<div class=\"col\">\n<div class=\"product-feature-details-box\">\n<div class=\"product-feature-details\">\n<p>Maneja las constantes vitales del n\u00f1o y de la madre, introduce deceleraciones y contracciones. Todo lo que ofrece est\u00e1 pensado para permitirte crear\u00a0simulaciones real\u00edsticas de control de embarazos.<\/p>\n<\/div>\n<\/div>\n<\/div>\n<\/div>\n<\/div>\n<\/div>\n<\/div>\n<\/div>\n<\/div>\n<\/div>\n\t\t<\/div><\/div><\/div><\/div><\/div><div id=\"pg-524-6\"  class=\"panel-grid panel-has-style\" ><div style=\"padding: 30px 0; \" data-overlay=\"true\" data-overlay-color=\"#000000\" class=\"panel-row-style panel-row-style-for-524-6\" ><div id=\"pgc-524-6-0\"  class=\"panel-grid-cell\" ><div id=\"panel-524-6-0-0\" class=\"so-panel widget widget_sydney_action sydney_action_widget panel-first-child\" data-index=\"12\" ><div style=\"text-align: left;\" data-title-color=\"#443f3f\" data-headings-color=\"#443f3f\" class=\"panel-widget-style panel-widget-style-for-524-6-0-0\" >        <div class=\"roll-promobox \">\r\n\t\t\t<div class=\"promo-wrap\">\r\n\t\t\t\t\t\t\t\t<div class=\"promo-controls\">\r\n\t\t\t\t\t<a href=\"\" class=\"roll-button border\">\u00bfQuieres probarlo?<\/a>\r\n\t\t\t\t<\/div>\r\n\t\t\t<\/div>\r\n        <\/div>\r\n\t<\/div><\/div><div id=\"panel-524-6-0-1\" class=\"so-panel widget widget_sow-social-media-buttons panel-last-child\" data-index=\"13\" ><div style=\"text-align: left;\" data-title-color=\"#443f3f\" data-headings-color=\"#443f3f\" class=\"panel-widget-style panel-widget-style-for-524-6-0-1\" ><div\n\t\t\t\n\t\t\tclass=\"so-widget-sow-social-media-buttons so-widget-sow-social-media-buttons-atom-986ef4651a5f-524\"\n\t\t\t\n\t\t>\n\n<div class=\"social-media-button-container\">\n\t\n\t\t<a class=\"ow-button-hover sow-social-media-button-x-twitter-0 sow-social-media-button\" title=\"Simula en X Twitter\" aria-label=\"Simula en X Twitter\" target=\"_blank\" rel=\"noopener noreferrer\" href=\"https:\/\/twitter.com\/simulabcn\" >\n\t\t\t<span>\n\t\t\t\t\t\t\t\t<span class=\"sow-icon-fontawesome sow-fab\" data-sow-icon=\"&#xe61b;\"\n\t\t \n\t\taria-hidden=\"true\"><\/span>\t\t\t\t\t\t\t<\/span>\n\t\t<\/a>\n\t\n\t\t<a class=\"ow-button-hover sow-social-media-button-instagram-0 sow-social-media-button\" title=\"Simula en Instagram\" aria-label=\"Simula en Instagram\" target=\"_blank\" rel=\"noopener noreferrer\" href=\"https:\/\/instagram.com\/\" >\n\t\t\t<span>\n\t\t\t\t\t\t\t\t<span class=\"sow-icon-fontawesome sow-fab\" data-sow-icon=\"&#xf16d;\"\n\t\t \n\t\taria-hidden=\"true\"><\/span>\t\t\t\t\t\t\t<\/span>\n\t\t<\/a>\n\t<\/div>\n<\/div><\/div><\/div><\/div><\/div><\/div><\/div>","protected":false},"excerpt":{"rendered":"<p>Con CTGi podr\u00e1s disponer de un simulador de monitor fetal realista, a la par que econ\u00f3mico. CTGi es ideal para el entrenamiento \u201cin situ\u201c por su ligereza y simplicidad de manejo, utilizando \u00fanicamente dos iPads. CTGi proporciona a los instructores una gran herramienta para entrenar y a los estudiantes una plataforma realista para aprender. CTGi [&hellip;]<\/p>\n","protected":false},"author":1,"featured_media":0,"parent":0,"menu_order":0,"comment_status":"closed","ping_status":"closed","template":"page-templates\/page_no-header-wide.php","meta":{"_bbp_topic_count":0,"_bbp_reply_count":0,"_bbp_total_topic_count":0,"_bbp_total_reply_count":0,"_bbp_voice_count":0,"_bbp_anonymous_reply_count":0,"_bbp_topic_count_hidden":0,"_bbp_reply_count_hidden":0,"_bbp_forum_subforum_count":0},"_links":{"self":[{"href":"https:\/\/simula.barcelona\/index.php\/wp-json\/wp\/v2\/pages\/524"}],"collection":[{"href":"https:\/\/simula.barcelona\/index.php\/wp-json\/wp\/v2\/pages"}],"about":[{"href":"https:\/\/simula.barcelona\/index.php\/wp-json\/wp\/v2\/types\/page"}],"author":[{"embeddable":true,"href":"https:\/\/simula.barcelona\/index.php\/wp-json\/wp\/v2\/users\/1"}],"replies":[{"embeddable":true,"href":"https:\/\/simula.barcelona\/index.php\/wp-json\/wp\/v2\/comments?post=524"}],"version-history":[{"count":55,"href":"https:\/\/simula.barcelona\/index.php\/wp-json\/wp\/v2\/pages\/524\/revisions"}],"predecessor-version":[{"id":1622,"href":"https:\/\/simula.barcelona\/index.php\/wp-json\/wp\/v2\/pages\/524\/revisions\/1622"}],"wp:attachment":[{"href":"https:\/\/simula.barcelona\/index.php\/wp-json\/wp\/v2\/media?parent=524"}],"curies":[{"name":"wp","href":"https:\/\/api.w.org\/{rel}","templated":true}]}}