{"id":487,"date":"2017-12-03T21:46:41","date_gmt":"2017-12-03T21:46:41","guid":{"rendered":"http:\/\/simula.barcelona\/?page_id=487"},"modified":"2021-01-08T18:39:07","modified_gmt":"2021-01-08T17:39:07","slug":"auris","status":"publish","type":"page","link":"https:\/\/simula.barcelona\/index.php\/auris\/","title":{"rendered":"AURIS"},"content":{"rendered":"<div id=\"pl-487\"  class=\"panel-layout\" ><div id=\"pg-487-0\"  class=\"panel-grid panel-has-style\" ><div style=\"padding: 100px 0; \" data-overlay=\"true\" data-overlay-color=\"#000000\" class=\"panel-row-style panel-row-style-for-487-0\" ><div id=\"pgc-487-0-0\"  class=\"panel-grid-cell\" ><div id=\"panel-487-0-0-0\" class=\"so-panel widget widget_sow-headline panel-first-child\" data-index=\"0\" ><div style=\"text-align: left;\" data-title-color=\"#8224e3\" data-headings-color=\"#8224e3\" class=\"panel-widget-style panel-widget-style-for-487-0-0-0\" ><div\n\t\t\t\n\t\t\tclass=\"so-widget-sow-headline so-widget-sow-headline-default-5d357dafc3b5-487\"\n\t\t\t\n\t\t><div class=\"sow-headline-container \">\n\t\t\t\t\t\t\t<h1 class=\"sow-headline\">\n\t\t\t\t\t\t\t\t\t\t\t\t\t<a href=\"https:\/\/simula.barcelona\/index.php\/contacto\/\" >\n\t\t\t\t\t\t\t\tAURIS<\/a>\t\t\t\t\t\t<\/h1>\n\t\t\t\t\t\t\t\t\t\t\t<div class=\"decoration\">\n\t\t\t\t\t\t<div class=\"decoration-inside\"><\/div>\n\t\t\t\t\t<\/div>\n\t\t\t\t\t<\/div>\n<\/div><\/div><\/div><div id=\"panel-487-0-0-1\" class=\"so-panel widget widget_sow-image panel-last-child\" data-index=\"1\" ><div style=\"text-align: center;\" data-title-color=\"#443f3f\" data-headings-color=\"#443f3f\" class=\"panel-widget-style panel-widget-style-for-487-0-0-1\" ><div\n\t\t\t\n\t\t\tclass=\"so-widget-sow-image so-widget-sow-image-default-c67d20f9f743-487\"\n\t\t\t\n\t\t>\n\n<div class=\"sow-image-container\">\n\t\t<img src=\"https:\/\/simula.barcelona\/wp-content\/uploads\/auris-system.jpg\" width=\"2560\" height=\"1710\" srcset=\"https:\/\/simula.barcelona\/wp-content\/uploads\/auris-system.jpg 2560w, https:\/\/simula.barcelona\/wp-content\/uploads\/auris-system-300x200.jpg 300w, https:\/\/simula.barcelona\/wp-content\/uploads\/auris-system-1024x684.jpg 1024w, https:\/\/simula.barcelona\/wp-content\/uploads\/auris-system-768x513.jpg 768w, https:\/\/simula.barcelona\/wp-content\/uploads\/auris-system-1536x1026.jpg 1536w, https:\/\/simula.barcelona\/wp-content\/uploads\/auris-system-2048x1368.jpg 2048w, https:\/\/simula.barcelona\/wp-content\/uploads\/auris-system-830x554.jpg 830w, https:\/\/simula.barcelona\/wp-content\/uploads\/auris-system-230x154.jpg 230w, https:\/\/simula.barcelona\/wp-content\/uploads\/auris-system-350x234.jpg 350w, https:\/\/simula.barcelona\/wp-content\/uploads\/auris-system-480x321.jpg 480w, https:\/\/simula.barcelona\/wp-content\/uploads\/auris-system-272x182.jpg 272w\" sizes=\"(max-width: 2560px) 100vw, 2560px\" alt=\"\" loading=\"lazy\" \t\tclass=\"so-widget-image\"\/>\n\t<\/div>\n\n<\/div><\/div><\/div><\/div><\/div><\/div><div id=\"pg-487-1\"  class=\"panel-grid panel-has-style\" ><div style=\"padding: 0px 0; \" data-overlay=\"true\" data-overlay-color=\"#000000\" class=\"panel-row-style panel-row-style-for-487-1\" ><div id=\"pgc-487-1-0\"  class=\"panel-grid-cell\" ><div id=\"panel-487-1-0-0\" class=\"so-panel widget widget_media_image panel-first-child panel-last-child\" data-index=\"2\" ><div style=\"text-align: center;\" data-title-color=\"#443f3f\" data-headings-color=\"#443f3f\" class=\"panel-widget-style panel-widget-style-for-487-1-0-0\" ><img width=\"2560\" height=\"244\" src=\"https:\/\/simula.barcelona\/wp-content\/uploads\/dibujos-AURIS2-scaled.jpg\" class=\"image wp-image-1587  attachment-full size-full\" alt=\"\" loading=\"lazy\" style=\"max-width: 100%; height: auto;\" srcset=\"https:\/\/simula.barcelona\/wp-content\/uploads\/dibujos-AURIS2-scaled.jpg 2560w, https:\/\/simula.barcelona\/wp-content\/uploads\/dibujos-AURIS2-300x29.jpg 300w, https:\/\/simula.barcelona\/wp-content\/uploads\/dibujos-AURIS2-1024x98.jpg 1024w, https:\/\/simula.barcelona\/wp-content\/uploads\/dibujos-AURIS2-768x73.jpg 768w, https:\/\/simula.barcelona\/wp-content\/uploads\/dibujos-AURIS2-1536x146.jpg 1536w, https:\/\/simula.barcelona\/wp-content\/uploads\/dibujos-AURIS2-2048x195.jpg 2048w, https:\/\/simula.barcelona\/wp-content\/uploads\/dibujos-AURIS2-830x79.jpg 830w, https:\/\/simula.barcelona\/wp-content\/uploads\/dibujos-AURIS2-230x22.jpg 230w, https:\/\/simula.barcelona\/wp-content\/uploads\/dibujos-AURIS2-350x33.jpg 350w, https:\/\/simula.barcelona\/wp-content\/uploads\/dibujos-AURIS2-480x46.jpg 480w\" sizes=\"(max-width: 2560px) 100vw, 2560px\" \/><\/div><\/div><\/div><\/div><\/div><div id=\"pg-487-2\"  class=\"panel-grid panel-has-style\" ><div style=\"padding: 0px 0; \" data-overlay=\"true\" data-overlay-color=\"#000000\" class=\"panel-row-style panel-row-style-for-487-2\" ><div id=\"pgc-487-2-0\"  class=\"panel-grid-cell\" ><div id=\"panel-487-2-0-0\" class=\"so-panel widget widget_sow-editor panel-first-child panel-last-child\" data-index=\"3\" ><div style=\"text-align: left;\" data-title-color=\"#443f3f\" data-headings-color=\"#443f3f\" class=\"panel-widget-style panel-widget-style-for-487-2-0-0\" ><div\n\t\t\t\n\t\t\tclass=\"so-widget-sow-editor so-widget-sow-editor-base\"\n\t\t\t\n\t\t>\n<div class=\"siteorigin-widget-tinymce textwidget\">\n\t<p style=\"text-align: center;\"><span style=\"color: #333399;\">Crea escenarios f\u00e1cilmente<\/span><\/p>\n<\/div>\n<\/div><\/div><\/div><\/div><div id=\"pgc-487-2-1\"  class=\"panel-grid-cell\" ><div id=\"panel-487-2-1-0\" class=\"so-panel widget widget_sow-editor panel-first-child panel-last-child\" data-index=\"4\" ><div style=\"text-align: left;\" data-title-color=\"#443f3f\" data-headings-color=\"#443f3f\" class=\"panel-widget-style panel-widget-style-for-487-2-1-0\" ><div\n\t\t\t\n\t\t\tclass=\"so-widget-sow-editor so-widget-sow-editor-base\"\n\t\t\t\n\t\t>\n<div class=\"siteorigin-widget-tinymce textwidget\">\n\t<p style=\"text-align: center;\"><span style=\"color: #333399;\">A\u00f1ade sonidos al vuelo<\/span><\/p>\n<\/div>\n<\/div><\/div><\/div><\/div><div id=\"pgc-487-2-2\"  class=\"panel-grid-cell\" ><div id=\"panel-487-2-2-0\" class=\"so-panel widget widget_sow-editor panel-first-child panel-last-child\" data-index=\"5\" ><div style=\"text-align: left;\" data-title-color=\"#443f3f\" data-headings-color=\"#443f3f\" class=\"panel-widget-style panel-widget-style-for-487-2-2-0\" ><div\n\t\t\t\n\t\t\tclass=\"so-widget-sow-editor so-widget-sow-editor-base\"\n\t\t\t\n\t\t>\n<div class=\"siteorigin-widget-tinymce textwidget\">\n\t<p style=\"text-align: center;\"><span style=\"color: #333399;\">Ajusta el volumen de forma remota<\/span><\/p>\n<\/div>\n<\/div><\/div><\/div><\/div><div id=\"pgc-487-2-3\"  class=\"panel-grid-cell\" ><div id=\"panel-487-2-3-0\" class=\"so-panel widget widget_sow-editor panel-first-child panel-last-child\" data-index=\"6\" ><div style=\"text-align: left;\" data-title-color=\"#443f3f\" data-headings-color=\"#443f3f\" class=\"panel-widget-style panel-widget-style-for-487-2-3-0\" ><div\n\t\t\t\n\t\t\tclass=\"so-widget-sow-editor so-widget-sow-editor-base\"\n\t\t\t\n\t\t>\n<div class=\"siteorigin-widget-tinymce textwidget\">\n\t<p style=\"text-align: center;\"><span style=\"color: #333399;\">Aumenta la fidelidad de tus simulaciones<\/span><\/p>\n<\/div>\n<\/div><\/div><\/div><\/div><\/div><\/div><div id=\"pg-487-3\"  class=\"panel-grid panel-has-style\" ><div style=\"padding: 0px 0; \" data-overlay=\"true\" data-overlay-color=\"#000000\" class=\"panel-row-style panel-row-style-for-487-3\" ><div id=\"pgc-487-3-0\"  class=\"panel-grid-cell\" ><div id=\"panel-487-3-0-0\" class=\"so-panel widget widget_media_image panel-first-child panel-last-child\" data-index=\"7\" ><div style=\"text-align: center;\" data-title-color=\"#443f3f\" data-headings-color=\"#443f3f\" class=\"panel-widget-style panel-widget-style-for-487-3-0-0\" ><h3 class=\"widget-title\">AURIS. OIR ES CREER<\/h3><img width=\"723\" height=\"600\" src=\"https:\/\/simula.barcelona\/wp-content\/uploads\/AURIS.png\" class=\"image wp-image-323  attachment-full size-full\" alt=\"\" loading=\"lazy\" style=\"max-width: 100%; height: auto;\" srcset=\"https:\/\/simula.barcelona\/wp-content\/uploads\/AURIS.png 723w, https:\/\/simula.barcelona\/wp-content\/uploads\/AURIS-300x249.png 300w, https:\/\/simula.barcelona\/wp-content\/uploads\/AURIS-230x191.png 230w, https:\/\/simula.barcelona\/wp-content\/uploads\/AURIS-350x290.png 350w, https:\/\/simula.barcelona\/wp-content\/uploads\/AURIS-480x398.png 480w\" sizes=\"(max-width: 723px) 100vw, 723px\" \/><\/div><\/div><\/div><div id=\"pgc-487-3-1\"  class=\"panel-grid-cell\" ><div id=\"panel-487-3-1-0\" class=\"so-panel widget widget_text panel-first-child\" data-index=\"8\" ><div style=\"text-align: left;\" data-title-color=\"#443f3f\" data-headings-color=\"#443f3f\" class=\"panel-widget-style panel-widget-style-for-487-3-1-0\" ><h3 class=\"widget-title\">SIMPLE Y REALISTA<\/h3>\t\t\t<div class=\"textwidget\"><div id=\"wrapper\">\n<div id=\"main\">\n<div id=\"primary\" class=\"content-area one-column\">\n<div class=\"product-feature-list-box realitiproduct-listing\">\n<div class=\"wrap\">\n<div class=\"cols cols3\">\n<div class=\"col\">\n<div class=\"product-feature-details-box\">\n<div class=\"product-feature-details\">\n<div id=\"wrapper\">\n<div id=\"main\">\n<div id=\"primary\" class=\"content-area one-column\">\n<div class=\"product-feature-list-box\">\n<div class=\"wrap\">\n<div class=\"cols cols2\">\n<div class=\"col\">\n<div class=\"product-feature-details-box\">\n<div class=\"product-feature-details\">\n<p><strong>Cuando el alumno apoya la campana del estetoscopio en el cuerpo del paciente estandardizado o del maniqu\u00ed, un sensor activa el archivo de sonido que el instructor ha seleccionado y el alumno lo oye a trav\u00e9s del estetoscopio.<\/strong><\/p>\n<p><strong>Cuando el alumno retira la campana, el sonido cesa. Utilizarlo es tan sencillo como emparejar la app con el AURIS, que entonces se calibra autom\u00e1ticamente. El estetoscopio funciona de forma inal\u00e1mbrica, con un rango de funcionamiento de hasta 10 metros. El sistema incluye el estetoscopio y la app, donde encontrar\u00e1s m\u00fatiples sonidos card\u00edacos, pulmonares e intestinales.<\/strong><\/p>\n<\/div>\n<\/div>\n<\/div>\n<\/div>\n<\/div>\n<\/div>\n<\/div>\n<\/div>\n<\/div>\n<\/div>\n<\/div>\n<\/div>\n<\/div>\n<\/div>\n<\/div>\n<\/div>\n<\/div>\n<\/div>\n<\/div>\n\t\t<\/div><\/div><div id=\"panel-487-3-1-1\" class=\"so-panel widget widget_text panel-last-child\" data-index=\"9\" ><div style=\"text-align: left;\" data-title-color=\"#443f3f\" data-headings-color=\"#443f3f\" class=\"panel-widget-style panel-widget-style-for-487-3-1-1\" ><h3 class=\"widget-title\">PROPORCION\u00c1NDOTE LA MEJOR EXPERIENCIA POSIBLE<\/h3>\t\t\t<div class=\"textwidget\"><div id=\"wrapper\">\n<div id=\"main\">\n<div id=\"primary\" class=\"content-area one-column\">\n<div class=\"product-feature-list-box realitiproduct-listing\">\n<div class=\"wrap\">\n<div class=\"cols cols3\">\n<div class=\"col\">\n<div class=\"product-feature-details-box\">\n<div class=\"product-feature-details\">\n<div id=\"wrapper\">\n<div id=\"main\">\n<div id=\"primary\" class=\"content-area one-column\">\n<div class=\"product-feature-list-box\">\n<div class=\"wrap\">\n<div class=\"cols cols2\">\n<div class=\"col\">\n<div class=\"product-feature-details-box\">\n<div class=\"product-feature-details\">\n<div id=\"wrapper\">\n<div id=\"main\">\n<div id=\"primary\" class=\"content-area one-column\">\n<div class=\"product-feature-list-box\">\n<div class=\"wrap\">\n<div class=\"cols cols2\">\n<div class=\"col\">\n<div class=\"product-feature-details-box\">\n<div class=\"product-feature-details\">\n<strong>AURiS te permite a\u00f1adir sonidos a tus simulaciones por mucho menos dinero que los sistemas actuales. Podemos lograrlo gracias a utilizar tecnolog\u00eda cotidiana, permiti\u00e9ndote as\u00ed acceder a simulaci\u00f3n avanzada sin preocuparte por los costes que usulamente se asocian a este nivel de simulaci\u00f3n.<\/strong>\n<\/div>\n<\/div>\n<\/div>\n<\/div>\n<\/div>\n<\/div>\n<\/div>\n<\/div>\n<\/div>\n<\/div>\n<\/div>\n<\/div>\n<\/div>\n<\/div>\n<\/div>\n<\/div>\n<\/div>\n<\/div>\n<\/div>\n<\/div>\n<\/div>\n<\/div>\n<\/div>\n<\/div>\n<\/div>\n<\/div>\n<\/div>\n<\/div>\n\t\t<\/div><\/div><\/div><\/div><\/div><div id=\"pg-487-4\"  class=\"panel-grid panel-has-style\" ><div style=\"padding: 20px 0; \" data-overlay=\"true\" data-overlay-color=\"#000000\" class=\"panel-row-style panel-row-style-for-487-4\" ><div id=\"pgc-487-4-0\"  class=\"panel-grid-cell\" ><div id=\"panel-487-4-0-0\" class=\"so-panel widget widget_sydney_video_widget sydney_video_widget_widget panel-first-child panel-last-child\" data-index=\"10\" ><div style=\"text-align: left;\" data-title-color=\"#443f3f\" data-headings-color=\"#443f3f\" class=\"panel-widget-style panel-widget-style-for-487-4-0-0\" ><iframe title=\"AURiS 1-1 Quick Start\" width=\"1170\" height=\"658\" src=\"https:\/\/www.youtube.com\/embed\/pFNFTKUc1NA?feature=oembed\" frameborder=\"0\" allow=\"accelerometer; autoplay; clipboard-write; encrypted-media; gyroscope; picture-in-picture; web-share\" referrerpolicy=\"strict-origin-when-cross-origin\" allowfullscreen><\/iframe><\/div><\/div><\/div><\/div><\/div><div id=\"pg-487-5\"  class=\"panel-grid panel-has-style\" ><div style=\"padding: 50px 0; \" data-overlay=\"true\" data-overlay-color=\"#000000\" class=\"panel-row-style panel-row-style-for-487-5\" ><div id=\"pgc-487-5-0\"  class=\"panel-grid-cell\" ><div id=\"panel-487-5-0-0\" class=\"so-panel widget widget_media_image panel-first-child panel-last-child\" data-index=\"11\" ><div style=\"text-align: center;\" data-title-color=\"#443f3f\" data-headings-color=\"#443f3f\" class=\"panel-widget-style panel-widget-style-for-487-5-0-0\" ><img width=\"2560\" height=\"278\" src=\"https:\/\/simula.barcelona\/wp-content\/uploads\/dibujos-AURIS-scaled.jpg\" class=\"image wp-image-1561  attachment-full size-full\" alt=\"\" loading=\"lazy\" style=\"max-width: 100%; height: auto;\" srcset=\"https:\/\/simula.barcelona\/wp-content\/uploads\/dibujos-AURIS-scaled.jpg 2560w, https:\/\/simula.barcelona\/wp-content\/uploads\/dibujos-AURIS-300x33.jpg 300w, https:\/\/simula.barcelona\/wp-content\/uploads\/dibujos-AURIS-1024x111.jpg 1024w, https:\/\/simula.barcelona\/wp-content\/uploads\/dibujos-AURIS-768x84.jpg 768w, https:\/\/simula.barcelona\/wp-content\/uploads\/dibujos-AURIS-1536x167.jpg 1536w, https:\/\/simula.barcelona\/wp-content\/uploads\/dibujos-AURIS-2048x223.jpg 2048w, https:\/\/simula.barcelona\/wp-content\/uploads\/dibujos-AURIS-830x90.jpg 830w, https:\/\/simula.barcelona\/wp-content\/uploads\/dibujos-AURIS-230x25.jpg 230w, https:\/\/simula.barcelona\/wp-content\/uploads\/dibujos-AURIS-350x38.jpg 350w, https:\/\/simula.barcelona\/wp-content\/uploads\/dibujos-AURIS-480x52.jpg 480w\" sizes=\"(max-width: 2560px) 100vw, 2560px\" \/><\/div><\/div><\/div><\/div><\/div><div id=\"pg-487-6\"  class=\"panel-grid panel-has-style\" ><div style=\"padding: 0px 0; \" data-overlay=\"true\" data-overlay-color=\"#000000\" class=\"panel-row-style panel-row-style-for-487-6\" ><div id=\"pgc-487-6-0\"  class=\"panel-grid-cell\" ><div id=\"panel-487-6-0-0\" class=\"so-panel widget widget_sow-editor panel-first-child panel-last-child\" data-index=\"12\" ><div style=\"text-align: left;\" data-title-color=\"#443f3f\" data-headings-color=\"#443f3f\" class=\"panel-widget-style panel-widget-style-for-487-6-0-0\" ><div\n\t\t\t\n\t\t\tclass=\"so-widget-sow-editor so-widget-sow-editor-base\"\n\t\t\t\n\t\t>\n<div class=\"siteorigin-widget-tinymce textwidget\">\n\t<p style=\"text-align: center;\"><span style=\"color: #333399;\">Parece un estetoscopio. \u00a1Suena como un estetoscopio!<\/span><\/p>\n<\/div>\n<\/div><\/div><\/div><\/div><div id=\"pgc-487-6-1\"  class=\"panel-grid-cell\" ><div id=\"panel-487-6-1-0\" class=\"so-panel widget widget_sow-editor panel-first-child panel-last-child\" data-index=\"13\" ><div style=\"text-align: left;\" data-title-color=\"#443f3f\" data-headings-color=\"#443f3f\" class=\"panel-widget-style panel-widget-style-for-487-6-1-0\" ><div\n\t\t\t\n\t\t\tclass=\"so-widget-sow-editor so-widget-sow-editor-base\"\n\t\t\t\n\t\t>\n<div class=\"siteorigin-widget-tinymce textwidget\">\n\t<p style=\"text-align: center;\"><span style=\"color: #333399;\">22 sonidos card\u00edacos y 13 sonidos pulmonares<\/span><\/p>\n<\/div>\n<\/div><\/div><\/div><\/div><div id=\"pgc-487-6-2\"  class=\"panel-grid-cell\" ><div id=\"panel-487-6-2-0\" class=\"so-panel widget widget_sow-editor panel-first-child panel-last-child\" data-index=\"14\" ><div style=\"text-align: left;\" data-title-color=\"#443f3f\" data-headings-color=\"#443f3f\" class=\"panel-widget-style panel-widget-style-for-487-6-2-0\" ><div\n\t\t\t\n\t\t\tclass=\"so-widget-sow-editor so-widget-sow-editor-base\"\n\t\t\t\n\t\t>\n<div class=\"siteorigin-widget-tinymce textwidget\">\n\t<p style=\"text-align: center;\"><span style=\"color: #333399;\">Sonidos intestinales<\/span><\/p>\n<\/div>\n<\/div><\/div><\/div><\/div><div id=\"pgc-487-6-3\"  class=\"panel-grid-cell\" ><div id=\"panel-487-6-3-0\" class=\"so-panel widget widget_sow-editor panel-first-child panel-last-child\" data-index=\"15\" ><div style=\"text-align: left;\" data-title-color=\"#443f3f\" data-headings-color=\"#443f3f\" class=\"panel-widget-style panel-widget-style-for-487-6-3-0\" ><div\n\t\t\t\n\t\t\tclass=\"so-widget-sow-editor so-widget-sow-editor-base\"\n\t\t\t\n\t\t>\n<div class=\"siteorigin-widget-tinymce textwidget\">\n\t<p style=\"text-align: center;\"><span style=\"color: #333399;\">Completamente inal\u00e1mbrico<\/span><\/p>\n<\/div>\n<\/div><\/div><\/div><\/div><\/div><\/div><div id=\"pg-487-7\"  class=\"panel-grid panel-has-style\" ><div style=\"padding: 100px 0; \" data-overlay=\"true\" data-overlay-color=\"#000000\" class=\"panel-row-style panel-row-style-for-487-7\" ><div id=\"pgc-487-7-0\"  class=\"panel-grid-cell\" ><div id=\"panel-487-7-0-0\" class=\"so-panel widget widget_sydney_action sydney_action_widget panel-first-child panel-last-child\" data-index=\"16\" ><div style=\"text-align: left;\" data-title-color=\"#443f3f\" data-headings-color=\"#443f3f\" class=\"panel-widget-style panel-widget-style-for-487-7-0-0\" >        <div class=\"roll-promobox \">\r\n\t\t\t<div class=\"promo-wrap\">\r\n\t\t\t\t\t\t\t\t<div class=\"promo-controls\">\r\n\t\t\t\t\t<a href=\"https:\/\/simula.barcelona\/index.php\/contacto\/\" class=\"roll-button border\">\u00bfQuieres probarlo?<\/a>\r\n\t\t\t\t<\/div>\r\n\t\t\t<\/div>\r\n        <\/div>\r\n\t<\/div><\/div><\/div><\/div><\/div><div id=\"pg-487-8\"  class=\"panel-grid panel-has-style\" ><div style=\"padding: 20px 0; \" data-overlay=\"true\" data-overlay-color=\"#000000\" class=\"panel-row-style panel-row-style-for-487-8\" ><div id=\"pgc-487-8-0\"  class=\"panel-grid-cell\" ><div id=\"panel-487-8-0-0\" class=\"so-panel widget widget_text panel-first-child panel-last-child\" data-index=\"17\" ><div style=\"text-align: left;\" data-title-color=\"#443f3f\" data-headings-color=\"#443f3f\" class=\"panel-widget-style panel-widget-style-for-487-8-0-0\" ><h3 class=\"widget-title\">SONIDOS DEL AURIS<\/h3>\t\t\t<div class=\"textwidget\"><div id=\"wrapper\">\n<div id=\"main\">\n<div id=\"primary\" class=\"content-area one-column\">\n<div class=\"waveforms-list-box\">\n<div class=\"wrap\">\n<div class=\"waveforms-box list-block\">\n<div class=\"cols cols2\">\n<div class=\"col\">\n<h5>Sonidos cardiacos<\/h5>\n<ul class=\"custom-arrow-list\">\n<li>Single S1 S2 (M, Su,B)<\/li>\n<li>Split S1 (M, Su,B)<\/li>\n<li>Mid-Systolic Click \u2013 Mitral Valve Prolapse (M, Su, B)<\/li>\n<li>Early Systolic Murmur \u2013 Acute Mitral Regurgitation (M, Su, B)<\/li>\n<li>Mid Systolic Murmur \u2013 Mitral Regurgitation due to CAD (M, Su, B)<\/li>\n<li>Late Systolic Murmur \u2013 Mitral Regurgitation due to MVP (M, Su, B)<\/li>\n<li>Late Systolic Murmur \u2013 Classic Mitral Regurgitation or Ventricular Septal Defect when heard along the left sternal border (M, Su, B)<\/li>\n<li>S4 Gallop \u2013 Left Ventricular Hypertrophy (M, LLD, B)<\/li>\n<li>S3 Gallop \u2013 Both Normal and Cardiomyopathy (M, LLD, B)<\/li>\n<li>Systolic Click with Late Systolic Murmur \u2013 Ischaemic Cardiomyopathy with Mitral Regurgitation (M, LLD, B)<\/li>\n<li>S4 and Mid Systolic Murmur \u2013 Ischaemic Cardiomyopathy (M, LLD, B)<\/li>\n<li>S3 and Holosystolic Murmur \u2013 Dilated Cardiomyopathy with Mitral Regurgitation (M, LLD, B)<\/li>\n<li>Mitral Opening Snap and Diastolic Murmur \u2013 Mitral Stenosis (M, LLD, B) S1 S2 (A, Si, B)<\/li>\n<li>Systolic Murmur with Absent S2 \u2013 Severe Aortic Stenosis (A, Si, B)<\/li>\n<li>Early Diastolic Murmur \u2013 Aortic Regurgitation (A, Si, B)<\/li>\n<li>Systolic and Diastolic Murmurs Combined \u2013 Aortic Stenosis and Regurgitation (A, Si, B)<\/li>\n<li>Single S2 \u2013 Normal in Elderly (P, Su, D)<\/li>\n<li>Split S2 Persistent \u2013 Complete RBBB (P, Su, D)<\/li>\n<li>Split S2 Transient (P, Su, D)<\/li>\n<li>Ejection Systolic Murmur with Transient Splitting S2 \u2013 Innocent Murmur (P, Su, D)<\/li>\n<li>Ejection Systolic Murmur with Persistent Split S2 and Ejection, Systolic Murmur \u2013 Arterial Septal Defect (P, Su, D)<\/li>\n<li>Ejection Systolic Murmur with Single S2 and Ejection Click \u2013 Pulmonary Valve Stenosis (P, Su, D)<\/li>\n<\/ul>\n<\/div>\n<p><!--.col--><\/p>\n<div class=\"col\">\n<h5>Sonidos pulmonares<\/h5>\n<ul class=\"custom-arrow-list\">\n<li>Bronchial<\/li>\n<li>Bronchial Vesicular<\/li>\n<li>Crackles A<\/li>\n<li>Crackles B<\/li>\n<li>Crackles C<\/li>\n<li>Grunting<\/li>\n<li>Squawk<\/li>\n<li>Stridor<\/li>\n<li>Tracheal<\/li>\n<li>Vesicular<\/li>\n<li>Wheezing A<\/li>\n<li>Wheezing B<\/li>\n<li>Wheezing C<\/li>\n<\/ul>\n<h5>Sonido intestinal<\/h5>\n<ul class=\"custom-arrow-list\">\n<li>Bowel 1<\/li>\n<\/ul>\n<\/div>\n<\/div>\n<\/div>\n<\/div>\n<\/div>\n<\/div>\n<\/div>\n<\/div>\n<\/div>\n\t\t<\/div><\/div><\/div><\/div><\/div><div id=\"pg-487-9\"  class=\"panel-grid panel-has-style\" ><div style=\"padding: 0px 0; \" data-overlay=\"true\" data-overlay-color=\"#000000\" class=\"panel-row-style panel-row-style-for-487-9\" ><div id=\"pgc-487-9-0\"  class=\"panel-grid-cell\" ><div id=\"panel-487-9-0-0\" class=\"so-panel widget widget_sydney_action sydney_action_widget panel-first-child\" data-index=\"18\" ><div style=\"text-align: left;\" data-title-color=\"#443f3f\" data-headings-color=\"#443f3f\" class=\"panel-widget-style panel-widget-style-for-487-9-0-0\" >        <div class=\"roll-promobox \">\r\n\t\t\t<div class=\"promo-wrap\">\r\n\t\t\t\t\t\t\t\t<div class=\"promo-controls\">\r\n\t\t\t\t\t<a href=\"https:\/\/simula.barcelona\/index.php\/contacto\/\" class=\"roll-button border\">\u00bfQuieres probarlo?<\/a>\r\n\t\t\t\t<\/div>\r\n\t\t\t<\/div>\r\n        <\/div>\r\n\t<\/div><\/div><div id=\"panel-487-9-0-1\" class=\"so-panel widget widget_sow-social-media-buttons\" data-index=\"19\" ><div style=\"text-align: left;\" data-title-color=\"#443f3f\" data-headings-color=\"#443f3f\" class=\"panel-widget-style panel-widget-style-for-487-9-0-1\" ><div\n\t\t\t\n\t\t\tclass=\"so-widget-sow-social-media-buttons so-widget-sow-social-media-buttons-atom-986ef4651a5f-487\"\n\t\t\t\n\t\t>\n\n<div class=\"social-media-button-container\">\n\t\n\t\t<a class=\"ow-button-hover sow-social-media-button-x-twitter-0 sow-social-media-button\" title=\"Simula en X Twitter\" aria-label=\"Simula en X Twitter\" target=\"_blank\" rel=\"noopener noreferrer\" href=\"https:\/\/twitter.com\/simulabcn\" >\n\t\t\t<span>\n\t\t\t\t\t\t\t\t<span class=\"sow-icon-fontawesome sow-fab\" data-sow-icon=\"&#xe61b;\"\n\t\t \n\t\taria-hidden=\"true\"><\/span>\t\t\t\t\t\t\t<\/span>\n\t\t<\/a>\n\t\n\t\t<a class=\"ow-button-hover sow-social-media-button-instagram-0 sow-social-media-button\" title=\"Simula en Instagram\" aria-label=\"Simula en Instagram\" target=\"_blank\" rel=\"noopener noreferrer\" href=\"https:\/\/instagram.com\/\" >\n\t\t\t<span>\n\t\t\t\t\t\t\t\t<span class=\"sow-icon-fontawesome sow-fab\" data-sow-icon=\"&#xf16d;\"\n\t\t \n\t\taria-hidden=\"true\"><\/span>\t\t\t\t\t\t\t<\/span>\n\t\t<\/a>\n\t<\/div>\n<\/div><\/div><\/div><div id=\"panel-487-9-0-2\" class=\"so-panel widget widget_sow-headline panel-last-child\" data-index=\"20\" ><div style=\"text-align: left;\" data-title-color=\"#443f3f\" data-headings-color=\"#443f3f\" class=\"panel-widget-style panel-widget-style-for-487-9-0-2\" ><div\n\t\t\t\n\t\t\tclass=\"so-widget-sow-headline so-widget-sow-headline-default-ea0af4cf39ae-487\"\n\t\t\t\n\t\t><div class=\"sow-headline-container \">\n\t\t\t\t\t\t<div class=\"decoration\">\n\t\t\t\t\t\t<div class=\"decoration-inside\"><\/div>\n\t\t\t\t\t<\/div>\n\t\t\t\t\t<\/div>\n<\/div><\/div><\/div><\/div><\/div><\/div><\/div>","protected":false},"excerpt":{"rendered":"<p>AURIS Crea escenarios f\u00e1cilmente A\u00f1ade sonidos al vuelo Ajusta el volumen de forma remota Aumenta la fidelidad de tus simulaciones AURIS. OIR ES CREERSIMPLE Y REALISTA Cuando el alumno apoya la campana del estetoscopio en el cuerpo del paciente estandardizado o del maniqu\u00ed, un sensor activa el archivo de sonido que el instructor ha seleccionado [&hellip;]<\/p>\n","protected":false},"author":1,"featured_media":0,"parent":0,"menu_order":0,"comment_status":"closed","ping_status":"closed","template":"page-templates\/page_no-header-wide.php","meta":{"_bbp_topic_count":0,"_bbp_reply_count":0,"_bbp_total_topic_count":0,"_bbp_total_reply_count":0,"_bbp_voice_count":0,"_bbp_anonymous_reply_count":0,"_bbp_topic_count_hidden":0,"_bbp_reply_count_hidden":0,"_bbp_forum_subforum_count":0},"_links":{"self":[{"href":"https:\/\/simula.barcelona\/index.php\/wp-json\/wp\/v2\/pages\/487"}],"collection":[{"href":"https:\/\/simula.barcelona\/index.php\/wp-json\/wp\/v2\/pages"}],"about":[{"href":"https:\/\/simula.barcelona\/index.php\/wp-json\/wp\/v2\/types\/page"}],"author":[{"embeddable":true,"href":"https:\/\/simula.barcelona\/index.php\/wp-json\/wp\/v2\/users\/1"}],"replies":[{"embeddable":true,"href":"https:\/\/simula.barcelona\/index.php\/wp-json\/wp\/v2\/comments?post=487"}],"version-history":[{"count":85,"href":"https:\/\/simula.barcelona\/index.php\/wp-json\/wp\/v2\/pages\/487\/revisions"}],"predecessor-version":[{"id":1614,"href":"https:\/\/simula.barcelona\/index.php\/wp-json\/wp\/v2\/pages\/487\/revisions\/1614"}],"wp:attachment":[{"href":"https:\/\/simula.barcelona\/index.php\/wp-json\/wp\/v2\/media?parent=487"}],"curies":[{"name":"wp","href":"https:\/\/api.w.org\/{rel}","templated":true}]}}