{"id":467,"date":"2017-12-03T16:59:40","date_gmt":"2017-12-03T16:59:40","guid":{"rendered":"http:\/\/simula.barcelona\/?page_id=467"},"modified":"2020-08-22T10:39:31","modified_gmt":"2020-08-22T10:39:31","slug":"alsi","status":"publish","type":"page","link":"https:\/\/simula.barcelona\/index.php\/alsi\/","title":{"rendered":"ALSi"},"content":{"rendered":"<div id=\"pl-467\"  class=\"panel-layout\" ><div id=\"pg-467-0\"  class=\"panel-grid panel-has-style\" ><div style=\"padding: 0px 0; \" data-overlay=\"true\" data-overlay-color=\"#000000\" class=\"panel-row-style panel-row-style-for-467-0\" ><div id=\"pgc-467-0-0\"  class=\"panel-grid-cell\" ><div id=\"panel-467-0-0-0\" class=\"so-panel widget widget_media_image panel-first-child panel-last-child\" data-index=\"0\" ><div style=\"text-align: center;\" data-title-color=\"#443f3f\" data-headings-color=\"#443f3f\" class=\"panel-widget-style panel-widget-style-for-467-0-0-0\" ><h3 class=\"widget-title\">ALSi<\/h3><img width=\"2560\" height=\"1710\" src=\"https:\/\/simula.barcelona\/wp-content\/uploads\/ALSi.jpg\" class=\"image wp-image-731  attachment-full size-full\" alt=\"\" loading=\"lazy\" style=\"max-width: 100%; height: auto;\" srcset=\"https:\/\/simula.barcelona\/wp-content\/uploads\/ALSi.jpg 2560w, https:\/\/simula.barcelona\/wp-content\/uploads\/ALSi-300x200.jpg 300w, https:\/\/simula.barcelona\/wp-content\/uploads\/ALSi-768x513.jpg 768w, https:\/\/simula.barcelona\/wp-content\/uploads\/ALSi-1024x684.jpg 1024w, https:\/\/simula.barcelona\/wp-content\/uploads\/ALSi-830x554.jpg 830w, https:\/\/simula.barcelona\/wp-content\/uploads\/ALSi-230x154.jpg 230w, https:\/\/simula.barcelona\/wp-content\/uploads\/ALSi-350x234.jpg 350w, https:\/\/simula.barcelona\/wp-content\/uploads\/ALSi-480x321.jpg 480w, https:\/\/simula.barcelona\/wp-content\/uploads\/ALSi-272x182.jpg 272w\" sizes=\"(max-width: 2560px) 100vw, 2560px\" \/><\/div><\/div><\/div><div id=\"pgc-467-0-1\"  class=\"panel-grid-cell\" ><div id=\"panel-467-0-1-0\" class=\"so-panel widget widget_text panel-first-child panel-last-child\" data-index=\"1\" ><div style=\"text-align: left;\" data-title-color=\"#443f3f\" data-headings-color=\"#443f3f\" class=\"panel-widget-style panel-widget-style-for-467-0-1-0\" ><h3 class=\"widget-title\">EL SIMULADOR DE MONITOR M\u00c1S VERS\u00c1TIL<\/h3>\t\t\t<div class=\"textwidget\"><div id=\"wrapper\">\n<div id=\"main\">\n<div id=\"primary\" class=\"content-area one-column\">\n<div class=\"product-feature-list-box realitiproduct-listing\">\n<div class=\"wrap\">\n<div class=\"cols cols3\">\n<div class=\"col\">\n<div class=\"product-feature-details-box\">\n<div class=\"product-feature-details\"><strong>\u00danicamente utilizando dos iPads, ALSi permite el entrenamiento de equipos de emergencia en cualquier lugar. proporcionando una gran herramienta para una simulaci\u00f3n increiblemente realista.<br \/>\nALSi ofrece simulaci\u00f3n m\u00e9dica como nunca la hab\u00edas visto antes, constru\u00edda sobre una tecnolog\u00eda a la que est\u00e1s acostumbrado y a un coste muy inferior a otros equipos de simulaci\u00f3n.<\/strong><\/div>\n<\/div>\n<\/div>\n<\/div>\n<\/div>\n<\/div>\n<\/div>\n<\/div>\n<\/div>\n<\/div>\n\t\t<\/div><\/div><\/div><\/div><\/div><div id=\"pg-467-1\"  class=\"panel-grid panel-has-style\" ><div style=\"padding: 100px 0; \" data-overlay=\"true\" data-overlay-color=\"#000000\" class=\"panel-row-style panel-row-style-for-467-1\" ><div id=\"pgc-467-1-0\"  class=\"panel-grid-cell\" ><div id=\"panel-467-1-0-0\" class=\"so-panel widget widget_sydney_video_widget sydney_video_widget_widget panel-first-child panel-last-child\" data-index=\"2\" ><div style=\"text-align: left;\" data-title-color=\"#443f3f\" data-headings-color=\"#443f3f\" class=\"panel-widget-style panel-widget-style-for-467-1-0-0\" ><iframe title=\"ALSi 1-1 Start Up\" width=\"1170\" height=\"658\" src=\"https:\/\/www.youtube.com\/embed\/wKVUB_NCvps?feature=oembed\" frameborder=\"0\" allow=\"accelerometer; autoplay; clipboard-write; encrypted-media; gyroscope; picture-in-picture; web-share\" referrerpolicy=\"strict-origin-when-cross-origin\" allowfullscreen><\/iframe><\/div><\/div><\/div><\/div><\/div><div id=\"pg-467-2\"  class=\"panel-grid panel-has-style\" ><div style=\"padding: 20px 0; \" data-overlay=\"true\" data-overlay-color=\"#000000\" class=\"panel-row-style panel-row-style-for-467-2\" ><div id=\"pgc-467-2-0\"  class=\"panel-grid-cell\" ><div id=\"panel-467-2-0-0\" class=\"so-panel widget widget_text panel-first-child panel-last-child\" data-index=\"3\" ><div style=\"text-align: left;\" data-title-color=\"#443f3f\" data-headings-color=\"#443f3f\" class=\"panel-widget-style panel-widget-style-for-467-2-0-0\" ><h3 class=\"widget-title\">LA MEJOR EXPERIENCIA POSIBLE<\/h3>\t\t\t<div class=\"textwidget\"><div id=\"wrapper\">\n<div id=\"main\">\n<div id=\"primary\" class=\"content-area one-column\">\n<div class=\"product-feature-list-box\">\n<div class=\"wrap\">\n<div class=\"cols cols2\">\n<div class=\"col\">\n<div class=\"product-feature-details-box\">\n<div class=\"product-feature-details\">\n<p>Desarrollamos lo mejor en tecnolog\u00eda de interfaz de usuario con el iPad de Apple. Si utilizas habitualmente un smartphone o tablet, ya est\u00e1s listo para usar CTGi.\u00a0Nuestro panel de control basado en gestos est\u00e1 dise\u00f1ado para proporcionar una funcionalidad avanzada sin la complejidad de los sistemas tradicionales. Utilizamos la mejor tecnolog\u00eda m\u00f3vil para ofrecerte una experiencia uniforme desde el inicio al final.<\/p>\n<\/div>\n<\/div>\n<\/div>\n<\/div>\n<\/div>\n<\/div>\n<\/div>\n<\/div>\n<\/div>\n<\/div>\n\t\t<\/div><\/div><\/div><div id=\"pgc-467-2-1\"  class=\"panel-grid-cell\" ><div id=\"panel-467-2-1-0\" class=\"so-panel widget widget_text panel-first-child panel-last-child\" data-index=\"4\" ><div style=\"text-align: left;\" data-title-color=\"#443f3f\" data-headings-color=\"#443f3f\" class=\"panel-widget-style panel-widget-style-for-467-2-1-0\" ><h3 class=\"widget-title\">REALISTA Y PORT\u00c1TIL<\/h3>\t\t\t<div class=\"textwidget\"><div id=\"wrapper\">\n<div id=\"main\">\n<div id=\"primary\" class=\"content-area one-column\">\n<div class=\"product-feature-list-box\">\n<div class=\"wrap\">\n<div class=\"cols cols2\">\n<div class=\"col\">\n<div class=\"product-feature-details-box\">\n<div class=\"product-feature-details\">\n<div id=\"wrapper\">\n<div id=\"main\">\n<div id=\"primary\" class=\"content-area one-column\">\n<div class=\"product-feature-list-box\">\n<div class=\"wrap\">\n<div class=\"cols cols2\">\n<div class=\"col\">\n<div class=\"product-feature-details-box\">\n<div class=\"product-feature-details\">\n<p>Hemos mejorado a\u00fan m\u00e1s la simulaci\u00f3n con la versi\u00f3n 3 de nuestra bolsa \u00abNeann\u00bb. Esta bolsa dise\u00f1ada especialmente para iSimulate, aloja al iPad en su compartimento interior, dando el aspecto de un monitor desfibrilador real.<\/p>\n<p>Accede a todos los controles del iPad, e incluso c\u00e1rgalos (el iPad monitor y el del facilitador) cuando no los uses. La bolsa tiene todos los compartimentos necesarios para almacenar los cables y los cargadores para hacer el sistema realmente port\u00e1til.<\/p>\n<\/div>\n<\/div>\n<\/div>\n<\/div>\n<\/div>\n<\/div>\n<\/div>\n<\/div>\n<\/div>\n<\/div>\n<\/div>\n<\/div>\n<\/div>\n<\/div>\n<\/div>\n<\/div>\n<\/div>\n<\/div>\n<\/div>\n\t\t<\/div><\/div><\/div><div id=\"pgc-467-2-2\"  class=\"panel-grid-cell\" ><div id=\"panel-467-2-2-0\" class=\"so-panel widget widget_text panel-first-child panel-last-child\" data-index=\"5\" ><div style=\"text-align: left;\" data-title-color=\"#443f3f\" data-headings-color=\"#443f3f\" class=\"panel-widget-style panel-widget-style-for-467-2-2-0\" ><h3 class=\"widget-title\">ACTIVE WAVE<\/h3>\t\t\t<div class=\"textwidget\"><div id=\"wrapper\">\n<div id=\"main\">\n<div id=\"primary\" class=\"content-area one-column\">\n<div class=\"product-feature-list-box\">\n<div class=\"wrap\">\n<div class=\"cols cols2\">\n<div class=\"col\">\n<div class=\"product-feature-details-box\">\n<div class=\"product-feature-details\">\n<div id=\"wrapper\">\n<div id=\"main\">\n<div id=\"primary\" class=\"content-area one-column\">\n<div class=\"product-feature-list-box\">\n<div class=\"wrap\">\n<div class=\"cols cols2\">\n<div class=\"col\">\n<div class=\"product-feature-details-box\">\n<div class=\"product-feature-details\">\n<p>Active Wave es parte de nuestro compromiso con el realismo en la simulaci\u00f3n y de nuestra dedicaci\u00f3n a mejorar constantemente nuestra tecnolog\u00eda y el rendimiento de nuestros productos. ActiveWave presenta nuestro siguiente paso en tecnolog\u00eda de forma de onda avanzada, brindando formas de onda m\u00e1s n\u00edtidas y flexibles que nunca.<\/p>\n<\/div>\n<\/div>\n<\/div>\n<\/div>\n<\/div>\n<\/div>\n<\/div>\n<\/div>\n<\/div>\n<\/div>\n<\/div>\n<\/div>\n<\/div>\n<\/div>\n<\/div>\n<\/div>\n<\/div>\n<\/div>\n<\/div>\n\t\t<\/div><\/div><\/div><\/div><\/div><div id=\"pg-467-3\"  class=\"panel-grid panel-has-style\" ><div class=\"siteorigin-panels-stretch panel-row-style panel-row-style-for-467-3\" style=\"border-bottom: 1px solid #dd3333;padding: 20px 0; \" data-stretch-type=\"full\" data-overlay=\"true\" data-overlay-color=\"#000000\" ><div id=\"pgc-467-3-0\"  class=\"panel-grid-cell\" ><div id=\"panel-467-3-0-0\" class=\"so-panel widget widget_text panel-first-child panel-last-child\" data-index=\"6\" ><div style=\"text-align: left;\" data-title-color=\"#ffffff\" data-headings-color=\"#443f3f\" class=\"panel-widget-style panel-widget-style-for-467-3-0-0\" ><h3 class=\"widget-title\">CARACTER\u00cdSTICAS DE ALSi<\/h3>\t\t\t<div class=\"textwidget\"><div id=\"wrapper\">\n<div id=\"main\">\n<div id=\"primary\" class=\"content-area one-column\">\n<div class=\"product-feature-list-box\">\n<div class=\"wrap\">\n<div class=\"cols cols2\">\n<div class=\"col\">\n<div class=\"product-feature-details-box\">\n<div class=\"product-feature-details\">\n<div id=\"wrapper\">\n<div id=\"main\">\n<div id=\"primary\" class=\"content-area one-column\">\n<div class=\"product-feature-list-box\">\n<div class=\"wrap\">\n<div class=\"cols cols2\">\n<div class=\"col\">\n<div class=\"product-feature-details-box\">\n<div class=\"product-feature-details\">\n<p>Uso muy intuitivo<br \/>\nDiferentes opciones: monitor multipar\u00e1metros, desfibrilador, DEA,\u2026<br \/>\nMarcapasos y CVE sincronizadas realistas y configurables<br \/>\nDotado de la potente tecnolog\u00eda ActiveWave de iSimulate<br \/>\nConvierte tu equipo de baja fidelidad en uno de alta fidelidad<br \/>\nPermite simulaci\u00f3n realista con actores<br \/>\nCrea y ejecuta tus propios escenarios de simulaci\u00f3n de forma r\u00e1pida y sencilla<br \/>\nCrea y exporta informes de alumnos f\u00e1cilmente<br \/>\nIntr\u00ednsecamente seguro, no administra energ\u00eda durante la desfibrilaci\u00f3n<\/p>\n<\/div>\n<\/div>\n<\/div>\n<\/div>\n<\/div>\n<\/div>\n<\/div>\n<\/div>\n<\/div>\n<\/div>\n<\/div>\n<\/div>\n<\/div>\n<\/div>\n<\/div>\n<\/div>\n<\/div>\n<\/div>\n<\/div>\n\t\t<\/div><\/div><\/div><div id=\"pgc-467-3-1\"  class=\"panel-grid-cell\" ><div id=\"panel-467-3-1-0\" class=\"so-panel widget widget_text panel-first-child panel-last-child\" data-index=\"7\" ><div style=\"text-align: left;\" data-title-color=\"#443f3f\" data-headings-color=\"#443f3f\" class=\"panel-widget-style panel-widget-style-for-467-3-1-0\" >\t\t\t<div class=\"textwidget\"><div id=\"wrapper\">\n<div id=\"main\">\n<div id=\"primary\" class=\"content-area one-column\">\n<div class=\"product-feature-list-box\">\n<div class=\"wrap\">\n<div class=\"cols cols2\">\n<div class=\"col\">\n<div class=\"product-feature-details-box\">\n<div class=\"product-feature-details\">\n<div id=\"wrapper\">\n<div id=\"main\">\n<div id=\"primary\" class=\"content-area one-column\">\n<div class=\"product-feature-list-box\">\n<div class=\"wrap\">\n<div class=\"cols cols2\">\n<div class=\"col\">\n<div class=\"product-feature-details-box\">\n<div class=\"product-feature-details\">\n<p>69 ondas de ECG.<br \/>\n5 formas de onda de P. Art. Invasiva<br \/>\n8 formas de onda de EtCO2<br \/>\n2 formas de onda de SpO2<br \/>\n23 par\u00e1metros adicionales<br \/>\nCambios realistas en las constantes vitales, mediante el uso de tendencias<br \/>\nCambios de situaciones de forma programada o tras la acci\u00f3n del alumno<br \/>\nCron\u00f3metro virtual y cuenta atr\u00e1s del escenario<br \/>\nAlarmas completamente configurables<\/p>\n<\/div>\n<\/div>\n<\/div>\n<\/div>\n<\/div>\n<\/div>\n<\/div>\n<\/div>\n<\/div>\n<\/div>\n<\/div>\n<\/div>\n<\/div>\n<\/div>\n<\/div>\n<\/div>\n<\/div>\n<\/div>\n<\/div>\n\t\t<\/div><\/div><\/div><\/div><\/div><div id=\"pg-467-4\"  class=\"panel-grid panel-has-style\" ><div style=\"padding: 100px 0; \" data-overlay=\"true\" class=\"panel-row-style panel-row-style-for-467-4\" ><div id=\"pgc-467-4-0\"  class=\"panel-grid-cell\" ><div id=\"panel-467-4-0-0\" class=\"so-panel widget widget_sow-button panel-first-child\" data-index=\"8\" ><div style=\"text-align: left;\" data-title-color=\"#443f3f\" data-headings-color=\"#443f3f\" class=\"panel-widget-style panel-widget-style-for-467-4-0-0\" ><div\n\t\t\t\n\t\t\tclass=\"so-widget-sow-button so-widget-sow-button-atom-cec44a43840d-467\"\n\t\t\t\n\t\t><div class=\"ow-button-base ow-button-align-center\">\n\t\t\t<a\n\t\t\t\t\thref=\"http:\/\/simula.barcelona\/index.php\/contacto\/\"\n\t\t\t\t\tclass=\"sowb-button ow-icon-placement-left ow-button-hover\" \t>\n\t\t<span>\n\t\t\t<div class=\"sow-icon-image\" style=\"background-image: url(https:\/\/simula.barcelona\/wp-content\/uploads\/cropped-icono-web-150x150.jpg)\"><\/div>\n\t\t\t\u00bfQuieres probarlo?\t\t<\/span>\n\t\t\t<\/a>\n\t<\/div>\n<\/div><\/div><\/div><div id=\"panel-467-4-0-1\" class=\"so-panel widget widget_sow-social-media-buttons panel-last-child\" data-index=\"9\" ><div style=\"text-align: left;\" data-title-color=\"#443f3f\" data-headings-color=\"#443f3f\" class=\"panel-widget-style panel-widget-style-for-467-4-0-1\" ><div\n\t\t\t\n\t\t\tclass=\"so-widget-sow-social-media-buttons so-widget-sow-social-media-buttons-atom-986ef4651a5f-467\"\n\t\t\t\n\t\t>\n\n<div class=\"social-media-button-container\">\n\t\n\t\t<a class=\"ow-button-hover sow-social-media-button-x-twitter-0 sow-social-media-button\" title=\"Simula en X Twitter\" aria-label=\"Simula en X Twitter\" target=\"_blank\" rel=\"noopener noreferrer\" href=\"https:\/\/twitter.com\/simulabcn\" >\n\t\t\t<span>\n\t\t\t\t\t\t\t\t<span class=\"sow-icon-fontawesome sow-fab\" data-sow-icon=\"&#xe61b;\"\n\t\t \n\t\taria-hidden=\"true\"><\/span>\t\t\t\t\t\t\t<\/span>\n\t\t<\/a>\n\t\n\t\t<a class=\"ow-button-hover sow-social-media-button-instagram-0 sow-social-media-button\" title=\"Simula en Instagram\" aria-label=\"Simula en Instagram\" target=\"_blank\" rel=\"noopener noreferrer\" href=\"https:\/\/instagram.com\/\" >\n\t\t\t<span>\n\t\t\t\t\t\t\t\t<span class=\"sow-icon-fontawesome sow-fab\" data-sow-icon=\"&#xf16d;\"\n\t\t \n\t\taria-hidden=\"true\"><\/span>\t\t\t\t\t\t\t<\/span>\n\t\t<\/a>\n\t<\/div>\n<\/div><\/div><\/div><\/div><\/div><\/div><\/div>","protected":false},"excerpt":{"rendered":"<p>\u00danicamente utilizando dos iPads, ALSi permite el entrenamiento de equipos de emergencia en cualquier lugar. proporcionando una gran herramienta para una simulaci\u00f3n increiblemente realista. ALSi ofrece simulaci\u00f3n m\u00e9dica como nunca la hab\u00edas visto antes, constru\u00edda sobre una tecnolog\u00eda a la que est\u00e1s acostumbrado y a un coste muy inferior a otros equipos de simulaci\u00f3n.<\/p>\n","protected":false},"author":1,"featured_media":0,"parent":0,"menu_order":0,"comment_status":"closed","ping_status":"closed","template":"page-templates\/page_fullwidth.php","meta":{"_bbp_topic_count":0,"_bbp_reply_count":0,"_bbp_total_topic_count":0,"_bbp_total_reply_count":0,"_bbp_voice_count":0,"_bbp_anonymous_reply_count":0,"_bbp_topic_count_hidden":0,"_bbp_reply_count_hidden":0,"_bbp_forum_subforum_count":0},"_links":{"self":[{"href":"https:\/\/simula.barcelona\/index.php\/wp-json\/wp\/v2\/pages\/467"}],"collection":[{"href":"https:\/\/simula.barcelona\/index.php\/wp-json\/wp\/v2\/pages"}],"about":[{"href":"https:\/\/simula.barcelona\/index.php\/wp-json\/wp\/v2\/types\/page"}],"author":[{"embeddable":true,"href":"https:\/\/simula.barcelona\/index.php\/wp-json\/wp\/v2\/users\/1"}],"replies":[{"embeddable":true,"href":"https:\/\/simula.barcelona\/index.php\/wp-json\/wp\/v2\/comments?post=467"}],"version-history":[{"count":16,"href":"https:\/\/simula.barcelona\/index.php\/wp-json\/wp\/v2\/pages\/467\/revisions"}],"predecessor-version":[{"id":733,"href":"https:\/\/simula.barcelona\/index.php\/wp-json\/wp\/v2\/pages\/467\/revisions\/733"}],"wp:attachment":[{"href":"https:\/\/simula.barcelona\/index.php\/wp-json\/wp\/v2\/media?parent=467"}],"curies":[{"name":"wp","href":"https:\/\/api.w.org\/{rel}","templated":true}]}}