{"id":363,"date":"2017-04-07T16:12:51","date_gmt":"2017-04-07T16:12:51","guid":{"rendered":"http:\/\/simula.barcelona\/?page_id=363"},"modified":"2020-08-22T10:39:31","modified_gmt":"2020-08-22T10:39:31","slug":"brayden-torso","status":"publish","type":"page","link":"https:\/\/simula.barcelona\/index.php\/brayden-torso\/","title":{"rendered":"BRAYDEN TORSO"},"content":{"rendered":"<div id=\"pl-363\"  class=\"panel-layout\" ><div id=\"pg-363-0\"  class=\"panel-grid panel-has-style\" ><div style=\"padding: 0px 0; \" data-overlay=\"true\" data-overlay-color=\"#000000\" class=\"panel-row-style panel-row-style-for-363-0\" ><div id=\"pgc-363-0-0\"  class=\"panel-grid-cell\" ><div id=\"panel-363-0-0-0\" class=\"so-panel widget widget_sow-headline panel-first-child panel-last-child\" data-index=\"0\" ><div style=\"text-align: left;\" data-title-color=\"#443f3f\" data-headings-color=\"#443f3f\" class=\"panel-widget-style panel-widget-style-for-363-0-0-0\" ><div\n\t\t\t\n\t\t\tclass=\"so-widget-sow-headline so-widget-sow-headline-default-891384c194e0-363\"\n\t\t\t\n\t\t><div class=\"sow-headline-container \">\n\t\t\t\t\t\t\t<h1 class=\"sow-headline\">\n\t\t\t\t\t\tEL MANIQU\u00cd BRAYDEN\t\t\t\t\t\t<\/h1>\n\t\t\t\t\t\t\t\t\t\t\t<div class=\"decoration\">\n\t\t\t\t\t\t<div class=\"decoration-inside\"><\/div>\n\t\t\t\t\t<\/div>\n\t\t\t\t\t\t\t\t\t\t\t<h3 class=\"sow-sub-headline\">\n\t\t\t\t\t\tEl \u00fanico maniqu\u00ed con feedback visual a un precio imbatible\t\t\t\t\t\t<\/h3>\n\t\t\t\t\t\t<\/div>\n<\/div><\/div><\/div><\/div><\/div><\/div><div id=\"pg-363-1\"  class=\"panel-grid panel-has-style\" ><div style=\"padding: 20px 0; \" data-overlay=\"true\" data-overlay-color=\"#000000\" class=\"panel-row-style panel-row-style-for-363-1\" ><div id=\"pgc-363-1-0\"  class=\"panel-grid-cell\" ><div id=\"panel-363-1-0-0\" class=\"so-panel widget widget_sow-editor panel-first-child panel-last-child\" data-index=\"1\" ><div style=\"text-align: left;\" data-title-color=\"#443f3f\" data-headings-color=\"#443f3f\" class=\"panel-widget-style panel-widget-style-for-363-1-0-0\" ><div\n\t\t\t\n\t\t\tclass=\"so-widget-sow-editor so-widget-sow-editor-base\"\n\t\t\t\n\t\t>\n<div class=\"siteorigin-widget-tinymce textwidget\">\n\t<p><img loading=\"lazy\" class=\"wp-image-344 size-full alignleft\" src=\"http:\/\/simula.barcelona\/wp-content\/uploads\/Torso-Brayden.jpg\" sizes=\"(max-width: 340px) 100vw, 340px\" srcset=\"http:\/\/simula.barcelona\/wp-content\/uploads\/Torso-Brayden.jpg 340w, http:\/\/simula.barcelona\/wp-content\/uploads\/Torso-Brayden-185x300.jpg 185w, http:\/\/simula.barcelona\/wp-content\/uploads\/Torso-Brayden-230x373.jpg 230w\" alt=\"\" width=\"340\" height=\"551\" \/><\/p>\n<\/div>\n<\/div><\/div><\/div><\/div><div id=\"pgc-363-1-1\"  class=\"panel-grid-cell\" ><div id=\"panel-363-1-1-0\" class=\"so-panel widget widget_text panel-first-child panel-last-child\" data-index=\"2\" ><div style=\"text-align: left;\" data-title-color=\"#443f3f\" data-headings-color=\"#443f3f\" class=\"panel-widget-style panel-widget-style-for-363-1-1-0\" ><h3 class=\"widget-title\">TORSO BRAYDEN<\/h3>\t\t\t<div class=\"textwidget\">El maniqu\u00ed de RCP Brayden, premiado en 2016 por su dise\u00f1o, es una manera innovadora y efectiva de ense\u00f1ar que permite a los alumnos aprender c\u00f3mo realizar RCP de una manera f\u00e1cil e intuitiva.  Es el maniqu\u00ed que permite, por un precio ajustado, dar un feedback visual de lo efectos de las compresiones tor\u00e1cicas sobre el flujo sangu\u00edneo coronario y cerebral. Es esta caracter\u00edstica innovadora la que permite a los maniqu\u00eds Brayden ocupar una posici\u00f3n \u00fanica entre los maniqu\u00eds disponibles.\n\nEl maniqu\u00ed Brayden tiene tres sistemas de luces LED interrelacionadas (en color rojo o blanco) que se iluminan en funci\u00f3n de la profundidad y la frecuencia de las compresiones tor\u00e1cicas, lo que permite una evaluaci\u00f3n f\u00e1cil e intuitiva. El maniqu\u00ed Brayden cumple con las recomendaciones de 2015 del European Resuscitation Council y de la Amercan Heart Association.\n\nTambi\u00e9n existe una versi\u00f3n del maniqu\u00ed Brayden sin feedback visual a un precio a\u00fan m\u00e1s econ\u00f3mico.\n<\/div>\n\t\t<\/div><\/div><\/div><\/div><\/div><div id=\"pg-363-2\"  class=\"panel-grid panel-has-style\" ><div style=\"padding: 100px 0; \" data-overlay=\"true\" class=\"panel-row-style panel-row-style-for-363-2\" ><div id=\"pgc-363-2-0\"  class=\"panel-grid-cell\" ><div id=\"panel-363-2-0-0\" class=\"so-panel widget widget_sydney_video_widget sydney_video_widget_widget panel-first-child\" data-index=\"3\" ><div style=\"text-align: left;\" data-title-color=\"#443f3f\" data-headings-color=\"#443f3f\" class=\"panel-widget-style panel-widget-style-for-363-2-0-0\" ><iframe title=\"Practical demonstration video of BRAYDEN CPR Manikin\" width=\"1170\" height=\"658\" src=\"https:\/\/www.youtube.com\/embed\/JVSViqkogSI?feature=oembed\" frameborder=\"0\" allow=\"accelerometer; autoplay; clipboard-write; encrypted-media; gyroscope; picture-in-picture; web-share\" referrerpolicy=\"strict-origin-when-cross-origin\" allowfullscreen><\/iframe><\/div><\/div><div id=\"panel-363-2-0-1\" class=\"so-panel widget widget_sow-button\" data-index=\"4\" ><div style=\"text-align: left;\" data-title-color=\"#443f3f\" data-headings-color=\"#443f3f\" class=\"panel-widget-style panel-widget-style-for-363-2-0-1\" ><div\n\t\t\t\n\t\t\tclass=\"so-widget-sow-button so-widget-sow-button-atom-cec44a43840d-363\"\n\t\t\t\n\t\t><div class=\"ow-button-base ow-button-align-center\">\n\t\t\t<a\n\t\t\t\t\thref=\"http:\/\/simula.barcelona\/index.php\/contacto\/\"\n\t\t\t\t\tclass=\"sowb-button ow-icon-placement-left ow-button-hover\" \t>\n\t\t<span>\n\t\t\t<div class=\"sow-icon-image\" style=\"background-image: url(https:\/\/simula.barcelona\/wp-content\/uploads\/cropped-icono-web-150x150.jpg)\"><\/div>\n\t\t\t\u00bfQuieres probarlo?\t\t<\/span>\n\t\t\t<\/a>\n\t<\/div>\n<\/div><\/div><\/div><div id=\"panel-363-2-0-2\" class=\"so-panel widget widget_sow-social-media-buttons panel-last-child\" data-index=\"5\" ><div style=\"text-align: left;\" data-title-color=\"#443f3f\" data-headings-color=\"#443f3f\" class=\"panel-widget-style panel-widget-style-for-363-2-0-2\" ><div\n\t\t\t\n\t\t\tclass=\"so-widget-sow-social-media-buttons so-widget-sow-social-media-buttons-atom-986ef4651a5f-363\"\n\t\t\t\n\t\t>\n\n<div class=\"social-media-button-container\">\n\t\n\t\t<a class=\"ow-button-hover sow-social-media-button-x-twitter-0 sow-social-media-button\" title=\"Simula en X Twitter\" aria-label=\"Simula en X Twitter\" target=\"_blank\" rel=\"noopener noreferrer\" href=\"https:\/\/twitter.com\/simulabcn\" >\n\t\t\t<span>\n\t\t\t\t\t\t\t\t<span class=\"sow-icon-fontawesome sow-fab\" data-sow-icon=\"&#xe61b;\"\n\t\t \n\t\taria-hidden=\"true\"><\/span>\t\t\t\t\t\t\t<\/span>\n\t\t<\/a>\n\t\n\t\t<a class=\"ow-button-hover sow-social-media-button-instagram-0 sow-social-media-button\" title=\"Simula en Instagram\" aria-label=\"Simula en Instagram\" target=\"_blank\" rel=\"noopener noreferrer\" href=\"https:\/\/instagram.com\/\" >\n\t\t\t<span>\n\t\t\t\t\t\t\t\t<span class=\"sow-icon-fontawesome sow-fab\" data-sow-icon=\"&#xf16d;\"\n\t\t \n\t\taria-hidden=\"true\"><\/span>\t\t\t\t\t\t\t<\/span>\n\t\t<\/a>\n\t<\/div>\n<\/div><\/div><\/div><\/div><\/div><\/div><\/div>","protected":false},"excerpt":{"rendered":"<p>El maniqu\u00ed de RCP Brayden, premiado en 2016 por su dise\u00f1o, es una manera innovadora y efectiva de ense\u00f1ar que permite a los alumnos aprender c\u00f3mo realizar RCP de una manera f\u00e1cil e intuitiva. Es el maniqu\u00ed que permite, por un precio ajustado, dar un feedback visual de lo efectos de las compresiones tor\u00e1cicas sobre [&hellip;]<\/p>\n","protected":false},"author":1,"featured_media":0,"parent":0,"menu_order":0,"comment_status":"closed","ping_status":"closed","template":"page-templates\/page_fullwidth.php","meta":{"_bbp_topic_count":0,"_bbp_reply_count":0,"_bbp_total_topic_count":0,"_bbp_total_reply_count":0,"_bbp_voice_count":0,"_bbp_anonymous_reply_count":0,"_bbp_topic_count_hidden":0,"_bbp_reply_count_hidden":0,"_bbp_forum_subforum_count":0},"_links":{"self":[{"href":"https:\/\/simula.barcelona\/index.php\/wp-json\/wp\/v2\/pages\/363"}],"collection":[{"href":"https:\/\/simula.barcelona\/index.php\/wp-json\/wp\/v2\/pages"}],"about":[{"href":"https:\/\/simula.barcelona\/index.php\/wp-json\/wp\/v2\/types\/page"}],"author":[{"embeddable":true,"href":"https:\/\/simula.barcelona\/index.php\/wp-json\/wp\/v2\/users\/1"}],"replies":[{"embeddable":true,"href":"https:\/\/simula.barcelona\/index.php\/wp-json\/wp\/v2\/comments?post=363"}],"version-history":[{"count":16,"href":"https:\/\/simula.barcelona\/index.php\/wp-json\/wp\/v2\/pages\/363\/revisions"}],"predecessor-version":[{"id":778,"href":"https:\/\/simula.barcelona\/index.php\/wp-json\/wp\/v2\/pages\/363\/revisions\/778"}],"wp:attachment":[{"href":"https:\/\/simula.barcelona\/index.php\/wp-json\/wp\/v2\/media?parent=363"}],"curies":[{"name":"wp","href":"https:\/\/api.w.org\/{rel}","templated":true}]}}