{"id":356,"date":"2017-04-06T22:29:04","date_gmt":"2017-04-06T22:29:04","guid":{"rendered":"http:\/\/simula.barcelona\/?page_id=356"},"modified":"2020-08-22T10:39:31","modified_gmt":"2020-08-22T10:39:31","slug":"formacion","status":"publish","type":"page","link":"https:\/\/simula.barcelona\/index.php\/formacion\/","title":{"rendered":"FORMACI\u00d3N"},"content":{"rendered":"<div id=\"pl-356\"  class=\"panel-layout\" ><div id=\"pg-356-0\"  class=\"panel-grid panel-has-style\" ><div style=\"padding: 30px 0; \" data-overlay=\"true\" data-overlay-color=\"#000000\" class=\"panel-row-style panel-row-style-for-356-0\" ><div id=\"pgc-356-0-0\"  class=\"panel-grid-cell\" ><div id=\"panel-356-0-0-0\" class=\"so-panel widget widget_sow-headline panel-first-child\" data-index=\"0\" ><div style=\"text-align: left;\" data-title-color=\"#443f3f\" data-headings-color=\"#443f3f\" class=\"panel-widget-style panel-widget-style-for-356-0-0-0\" ><div\n\t\t\t\n\t\t\tclass=\"so-widget-sow-headline so-widget-sow-headline-default-fb64d2854457-356\"\n\t\t\t\n\t\t><div class=\"sow-headline-container \">\n\t\t\t\t\t\t\t<h1 class=\"sow-headline\">\n\t\t\t\t\t\tFORMACI\u00d3N\t\t\t\t\t\t<\/h1>\n\t\t\t\t\t\t\t\t\t\t\t<div class=\"decoration\">\n\t\t\t\t\t\t<div class=\"decoration-inside\"><\/div>\n\t\t\t\t\t<\/div>\n\t\t\t\t\t\t\t\t\t\t\t<h3 class=\"sow-sub-headline\">\n\t\t\t\t\t\tPor instructores expertos en emergencias y simulaci\u00f3n cl\u00ednica\t\t\t\t\t\t<\/h3>\n\t\t\t\t\t\t<\/div>\n<\/div><\/div><\/div><div id=\"panel-356-0-0-1\" class=\"so-panel widget widget_sow-editor\" data-index=\"1\" ><div style=\"text-align: left;\" data-title-color=\"#443f3f\" data-headings-color=\"#443f3f\" class=\"panel-widget-style panel-widget-style-for-356-0-0-1\" ><div\n\t\t\t\n\t\t\tclass=\"so-widget-sow-editor so-widget-sow-editor-base\"\n\t\t\t\n\t\t>\n<div class=\"siteorigin-widget-tinymce textwidget\">\n\t<p>En SIMULA somos expertos en formaci\u00f3n y simulaci\u00f3n m\u00e9dica, especialmente en el \u00e1mbito de las Emergencias. Ofrecemos cursos relacionados con el Soporte Vital (b\u00e1sico, inmediato y avanzado) acreditados por el <a href=\"http:\/\/www.ccr.cat\">Consell Catal\u00e0 de Ressuscitaci\u00f3<\/a>, el <a href=\"http:\/\/www.cercp.es\">Consejo Espa\u00f1ol de Resucitaci\u00f3n<\/a> y el <a href=\"http:\/\/www.erc.edu\">European Resuscitation Council<\/a>, as\u00ed como cursos espec\u00edficos a petici\u00f3n de nuestros clientes. Nuestros expertos en simulaci\u00f3n cl\u00ednica pueden realizar dise\u00f1ar programas de simulaci\u00f3n espec\u00edficos.<\/p>\n<\/div>\n<\/div><\/div><\/div><div id=\"panel-356-0-0-2\" class=\"so-panel widget widget_sydney_image_widget sydney_image_widget_widget\" data-index=\"2\" ><div style=\"text-align: left;\" data-title-color=\"#443f3f\" data-headings-color=\"#443f3f\" class=\"panel-widget-style panel-widget-style-for-356-0-0-2\" ><div style=\"display:inline-block;max-width:100%;\" class=\"sydney-image\"><img src=\"http:\/\/simula.barcelona\/wp-content\/uploads\/IMG_20170315_222757-2.jpg\"\/><\/div><\/div><\/div><div id=\"panel-356-0-0-3\" class=\"so-panel widget widget_sow-button\" data-index=\"3\" ><div style=\"text-align: left;\" data-title-color=\"#443f3f\" data-headings-color=\"#443f3f\" class=\"panel-widget-style panel-widget-style-for-356-0-0-3\" ><div\n\t\t\t\n\t\t\tclass=\"so-widget-sow-button so-widget-sow-button-atom-c64daa66e840-356\"\n\t\t\t\n\t\t><div class=\"ow-button-base ow-button-align-center\">\n\t\t\t<a\n\t\t\t\t\thref=\"http:\/\/simula.barcelona\/index.php\/contacto\/\"\n\t\t\t\t\tclass=\"sowb-button ow-icon-placement-left ow-button-hover\" \t>\n\t\t<span>\n\t\t\t<div class=\"sow-icon-image\" style=\"background-image: url(https:\/\/simula.barcelona\/wp-content\/uploads\/cropped-icono-web-150x150.jpg)\"><\/div>\n\t\t\tContacta con nostros\t\t<\/span>\n\t\t\t<\/a>\n\t<\/div>\n<\/div><\/div><\/div><div id=\"panel-356-0-0-4\" class=\"so-panel widget widget_sow-social-media-buttons panel-last-child\" data-index=\"4\" ><div style=\"text-align: left;\" data-title-color=\"#443f3f\" data-headings-color=\"#443f3f\" class=\"panel-widget-style panel-widget-style-for-356-0-0-4\" ><div\n\t\t\t\n\t\t\tclass=\"so-widget-sow-social-media-buttons so-widget-sow-social-media-buttons-atom-986ef4651a5f-356\"\n\t\t\t\n\t\t>\n\n<div class=\"social-media-button-container\">\n\t\n\t\t<a class=\"ow-button-hover sow-social-media-button-x-twitter-0 sow-social-media-button\" title=\"Simula en X Twitter\" aria-label=\"Simula en X Twitter\" target=\"_blank\" rel=\"noopener noreferrer\" href=\"https:\/\/twitter.com\/simulabcn\" >\n\t\t\t<span>\n\t\t\t\t\t\t\t\t<span class=\"sow-icon-fontawesome sow-fab\" data-sow-icon=\"&#xe61b;\"\n\t\t \n\t\taria-hidden=\"true\"><\/span>\t\t\t\t\t\t\t<\/span>\n\t\t<\/a>\n\t\n\t\t<a class=\"ow-button-hover sow-social-media-button-instagram-0 sow-social-media-button\" title=\"Simula en Instagram\" aria-label=\"Simula en Instagram\" target=\"_blank\" rel=\"noopener noreferrer\" href=\"https:\/\/www.instagram.com\/simula.b\/\" >\n\t\t\t<span>\n\t\t\t\t\t\t\t\t<span class=\"sow-icon-fontawesome sow-fab\" data-sow-icon=\"&#xf16d;\"\n\t\t \n\t\taria-hidden=\"true\"><\/span>\t\t\t\t\t\t\t<\/span>\n\t\t<\/a>\n\t<\/div>\n<\/div><\/div><\/div><\/div><\/div><\/div><\/div>","protected":false},"excerpt":{"rendered":"<p>En SIMULA somos expertos en formaci\u00f3n y simulaci\u00f3n m\u00e9dica, especialmente en el \u00e1mbito de las Emergencias. Ofrecemos cursos relacionados con el Soporte Vital (b\u00e1sico, inmediato y avanzado) acreditados por el Consell Catal\u00e0 de Ressuscitaci\u00f3, el Consejo Espa\u00f1ol de Resucitaci\u00f3n y el European Resuscitation Council, as\u00ed como cursos espec\u00edficos a petici\u00f3n de nuestros clientes. Nuestros expertos [&hellip;]<\/p>\n","protected":false},"author":1,"featured_media":0,"parent":0,"menu_order":0,"comment_status":"closed","ping_status":"closed","template":"page-templates\/page_fullwidth.php","meta":{"_bbp_topic_count":0,"_bbp_reply_count":0,"_bbp_total_topic_count":0,"_bbp_total_reply_count":0,"_bbp_voice_count":0,"_bbp_anonymous_reply_count":0,"_bbp_topic_count_hidden":0,"_bbp_reply_count_hidden":0,"_bbp_forum_subforum_count":0},"_links":{"self":[{"href":"https:\/\/simula.barcelona\/index.php\/wp-json\/wp\/v2\/pages\/356"}],"collection":[{"href":"https:\/\/simula.barcelona\/index.php\/wp-json\/wp\/v2\/pages"}],"about":[{"href":"https:\/\/simula.barcelona\/index.php\/wp-json\/wp\/v2\/types\/page"}],"author":[{"embeddable":true,"href":"https:\/\/simula.barcelona\/index.php\/wp-json\/wp\/v2\/users\/1"}],"replies":[{"embeddable":true,"href":"https:\/\/simula.barcelona\/index.php\/wp-json\/wp\/v2\/comments?post=356"}],"version-history":[{"count":8,"href":"https:\/\/simula.barcelona\/index.php\/wp-json\/wp\/v2\/pages\/356\/revisions"}],"predecessor-version":[{"id":779,"href":"https:\/\/simula.barcelona\/index.php\/wp-json\/wp\/v2\/pages\/356\/revisions\/779"}],"wp:attachment":[{"href":"https:\/\/simula.barcelona\/index.php\/wp-json\/wp\/v2\/media?parent=356"}],"curies":[{"name":"wp","href":"https:\/\/api.w.org\/{rel}","templated":true}]}}