{"id":1296,"date":"2021-01-05T17:42:39","date_gmt":"2021-01-05T16:42:39","guid":{"rendered":"https:\/\/simula.barcelona\/?page_id=1296"},"modified":"2021-01-05T21:36:27","modified_gmt":"2021-01-05T20:36:27","slug":"isimulate","status":"publish","type":"page","link":"https:\/\/simula.barcelona\/index.php\/isimulate\/","title":{"rendered":"iSimulate"},"content":{"rendered":"<div id=\"pl-1296\"  class=\"panel-layout\" ><div id=\"pg-1296-0\"  class=\"panel-grid panel-has-style\" ><div class=\"siteorigin-panels-stretch panel-row-style panel-row-style-for-1296-0\" style=\"padding: 20px 0; \" data-stretch-type=\"full-stretched\" data-overlay=\"true\" data-overlay-color=\"#000000\" ><div id=\"pgc-1296-0-0\"  class=\"panel-grid-cell\" ><div id=\"panel-1296-0-0-0\" class=\"so-panel widget widget_sydney_image_widget sydney_image_widget_widget panel-first-child\" data-index=\"0\" ><div style=\"text-align: left;\" data-title-color=\"#443f3f\" data-headings-color=\"#443f3f\" class=\"panel-widget-style panel-widget-style-for-1296-0-0-0\" ><div style=\"display:inline-block;max-width:500px;\" class=\"sydney-image\"><img src=\"https:\/\/simula.barcelona\/wp-content\/uploads\/Logo-iSimulate-HD.jpg\"\/><\/div><\/div><\/div><div id=\"panel-1296-0-0-1\" class=\"so-panel widget widget_sydney_image_widget sydney_image_widget_widget panel-last-child\" data-index=\"1\" ><div style=\"text-align: center;\" data-title-color=\"#443f3f\" data-headings-color=\"#443f3f\" class=\"panel-widget-style panel-widget-style-for-1296-0-0-1\" ><div style=\"display:inline-block;max-width:100%;\" class=\"sydney-image\"><img src=\"https:\/\/simula.barcelona\/wp-content\/uploads\/REALITI-WEB2-1.jpg\"\/><\/div><\/div><\/div><\/div><\/div><\/div><div id=\"pg-1296-1\"  class=\"panel-grid panel-has-style\" ><div class=\"siteorigin-panels-stretch panel-row-style panel-row-style-for-1296-1\" style=\"padding: 50px 0; \" data-stretch-type=\"full\" data-overlay=\"true\" ><div id=\"pgc-1296-1-0\"  class=\"panel-grid-cell\" ><div id=\"panel-1296-1-0-0\" class=\"so-panel widget widget_sow-headline panel-first-child\" data-index=\"2\" ><div style=\"text-align: left;\" data-title-color=\"#443f3f\" data-headings-color=\"#443f3f\" class=\"panel-widget-style panel-widget-style-for-1296-1-0-0\" ><div\n\t\t\t\n\t\t\tclass=\"so-widget-sow-headline so-widget-sow-headline-default-25638374aa08-1296\"\n\t\t\t\n\t\t><div class=\"sow-headline-container \">\n\t\t\t\t\t\t\t<h1 class=\"sow-headline\">\n\t\t\t\t\t\tiSimulate\t\t\t\t\t\t<\/h1>\n\t\t\t\t\t\t\t\t\t\t\t\t<h3 class=\"sow-sub-headline\">\n\t\t\t\t\t\tiSimulate proporciona soluciones de simulaci\u00f3n inteligentes que son utilizadas por organizaciones de todo el mundo. Nuestro mantra es simple: utilizamos lo mejor de la tecnolog\u00eda m\u00f3vil actual para crear productos m\u00e1s realistas, rentables y sencillos de usar que las soluciones tradicionales. Entrena en cualquier lugar y en cualquier momento con nuestros sistemas flexibles de simulaci\u00f3n.\t\t\t\t\t\t<\/h3>\n\t\t\t\t\t\t<\/div>\n<\/div><\/div><\/div><div id=\"panel-1296-1-0-1\" class=\"so-panel widget widget_sow-button panel-last-child\" data-index=\"3\" ><div style=\"text-align: left;\" data-title-color=\"#443f3f\" data-headings-color=\"#443f3f\" class=\"panel-widget-style panel-widget-style-for-1296-1-0-1\" ><div\n\t\t\t\n\t\t\tclass=\"so-widget-sow-button so-widget-sow-button-atom-48beb218c338-1296\"\n\t\t\t\n\t\t><div class=\"ow-button-base ow-button-align-center\">\n\t\t\t<a\n\t\t\t\t\thref=\"https:\/\/simula.barcelona\/index.php\/contacto\/\"\n\t\t\t\t\tclass=\"sowb-button ow-icon-placement-left ow-button-hover\" target=\"_blank\" rel=\"noopener noreferrer\" \t>\n\t\t<span>\n\t\t\t<div class=\"sow-icon-image\" style=\"background-image: url(https:\/\/simula.barcelona\/wp-content\/uploads\/icono-web.jpg)\"><\/div>\n\t\t\t\u00bfTe interesa?\t\t<\/span>\n\t\t\t<\/a>\n\t<\/div>\n<\/div><\/div><\/div><\/div><\/div><\/div><div id=\"pg-1296-2\"  class=\"panel-grid panel-has-style\" ><div class=\"siteorigin-panels-stretch panel-row-style panel-row-style-for-1296-2\" style=\"padding: 75px 0; \" data-stretch-type=\"full\" data-overlay=\"true\" ><div id=\"pgc-1296-2-0\"  class=\"panel-grid-cell\" ><div id=\"panel-1296-2-0-0\" class=\"so-panel widget widget_sow-headline panel-first-child\" data-index=\"4\" ><div style=\"text-align: left;\" data-title-color=\"#443f3f\" data-headings-color=\"#443f3f\" class=\"panel-widget-style panel-widget-style-for-1296-2-0-0\" ><div\n\t\t\t\n\t\t\tclass=\"so-widget-sow-headline so-widget-sow-headline-default-25638374aa08-1296\"\n\t\t\t\n\t\t><div class=\"sow-headline-container \">\n\t\t\t\t\t\t\t<h3 class=\"sow-sub-headline\">\n\t\t\t\t\t\tiSimulate ofrece simuladores realistas de muy f\u00e1cil manejo, al estar basados en tecnolog\u00eda que usamos en nuestro d\u00eda a d\u00eda\t\t\t\t\t\t<\/h3>\n\t\t\t\t\t\t<\/div>\n<\/div><\/div><\/div><div id=\"panel-1296-2-0-1\" class=\"so-panel widget widget_foogallery_widget foogallery_widget panel-last-child\" data-index=\"5\" ><div style=\"text-align: left;\" data-title-color=\"#443f3f\" data-headings-color=\"#443f3f\" class=\"panel-widget-style panel-widget-style-for-1296-2-0-1\" ><h3 class=\"widget-title\">LOS PRODUCTOS iSimulate<\/h3>\t\t\t<style>\r\n                #foogallery-gallery-1323.fg-justified .fg-item {\r\n                    margin-right: 2px;\r\n                    margin-bottom: 2px;\r\n                }\r\n\r\n                #foogallery-gallery-1323.fg-justified .fg-image {\r\n                    height: 200px;\r\n                }\r\n\t\t\t<\/style>\r\n\t\t\t<div class=\"foogallery foogallery-container foogallery-justified foogallery-lightbox-foobox fg-justified fg-dark fg-border-thin fg-round-small fg-shadow-outline fg-loading-default fg-loaded-fade-in fg-caption-always fg-hover-fade fg-hover-zoom2 fg-ready\" id=\"foogallery-gallery-1323\" data-foogallery=\"{&quot;item&quot;:{&quot;showCaptionTitle&quot;:true,&quot;showCaptionDescription&quot;:false},&quot;lazy&quot;:true,&quot;template&quot;:{&quot;rowHeight&quot;:200,&quot;maxRowHeight&quot;:300,&quot;margins&quot;:2,&quot;align&quot;:&quot;center&quot;,&quot;lastRow&quot;:&quot;smart&quot;}}\" >\r\n\t<div class=\"fg-item fg-type-iframe fg-idle\"><figure class=\"fg-item-inner\"><a href=\"https:\/\/simula.barcelona\/index.php\/realiti\/\" data-caption-title=\"Simulador REALITi\" data-attachment-id=\"1005\" data-type=\"iframe\" class=\"fg-thumb\"><span class=\"fg-image-wrap\"><img alt=\"REALITi\" height=\"300\" width=\"714\" class=\"skip-lazy fg-image\" data-src-fg=\"https:\/\/simula.barcelona\/wp-content\/uploads\/cache\/REALITi-monitor-facilitador--e1610115752138\/3914117420.jpg\" src=\"data:image\/svg+xml,%3Csvg%20xmlns%3D%22http%3A%2F%2Fwww.w3.org%2F2000%2Fsvg%22%20width%3D%22714%22%20height%3D%22300%22%20viewBox%3D%220%200%20714%20300%22%3E%3C%2Fsvg%3E\" loading=\"eager\"><\/span><span class=\"fg-image-overlay\"><\/span><\/a><figcaption class=\"fg-caption\"><div class=\"fg-caption-inner\"><div class=\"fg-caption-title\">Simulador REALITi<\/div><\/div><\/figcaption><\/figure><div class=\"fg-loader\"><\/div><\/div><div class=\"fg-item fg-type-iframe fg-idle\"><figure class=\"fg-item-inner\"><a href=\"https:\/\/simula.barcelona\/index.php\/auris\/\" data-caption-title=\"Estetoscopio AURIS\" data-attachment-id=\"323\" data-type=\"iframe\" class=\"fg-thumb\"><span class=\"fg-image-wrap\"><img height=\"300\" width=\"362\" class=\"skip-lazy fg-image\" data-src-fg=\"https:\/\/simula.barcelona\/wp-content\/uploads\/cache\/AURIS\/3764485689.png\" src=\"data:image\/svg+xml,%3Csvg%20xmlns%3D%22http%3A%2F%2Fwww.w3.org%2F2000%2Fsvg%22%20width%3D%22362%22%20height%3D%22300%22%20viewBox%3D%220%200%20362%20300%22%3E%3C%2Fsvg%3E\" loading=\"eager\"><\/span><span class=\"fg-image-overlay\"><\/span><\/a><figcaption class=\"fg-caption\"><div class=\"fg-caption-inner\"><div class=\"fg-caption-title\">Estetoscopio AURIS<\/div><\/div><\/figcaption><\/figure><div class=\"fg-loader\"><\/div><\/div><div class=\"fg-item fg-type-iframe fg-idle\"><figure class=\"fg-item-inner\"><a href=\"https:\/\/simula.barcelona\/index.php\/ctgi\/\" data-caption-title=\"CTGi\" data-attachment-id=\"1324\" data-type=\"iframe\" class=\"fg-thumb\"><span class=\"fg-image-wrap\"><img height=\"300\" width=\"449\" class=\"skip-lazy fg-image\" data-src-fg=\"https:\/\/simula.barcelona\/wp-content\/uploads\/cache\/ctgi-system\/580355880.jpg\" src=\"data:image\/svg+xml,%3Csvg%20xmlns%3D%22http%3A%2F%2Fwww.w3.org%2F2000%2Fsvg%22%20width%3D%22449%22%20height%3D%22300%22%20viewBox%3D%220%200%20449%20300%22%3E%3C%2Fsvg%3E\" loading=\"eager\"><\/span><span class=\"fg-image-overlay\"><\/span><\/a><figcaption class=\"fg-caption\"><div class=\"fg-caption-inner\"><div class=\"fg-caption-title\">CTGi<\/div><\/div><\/figcaption><\/figure><div class=\"fg-loader\"><\/div><\/div><\/div>\r\n<\/div><\/div><\/div><\/div><\/div><div id=\"pg-1296-3\"  class=\"panel-grid panel-has-style\" ><div class=\"siteorigin-panels-stretch panel-row-style panel-row-style-for-1296-3\" style=\"padding: 75px 0; \" data-stretch-type=\"full\" data-overlay=\"true\" ><div id=\"pgc-1296-3-0\"  class=\"panel-grid-cell\" ><div id=\"panel-1296-3-0-0\" class=\"so-panel widget widget_sydney_video_widget sydney_video_widget_widget panel-first-child panel-last-child\" data-index=\"6\" ><div style=\"text-align: left;\" data-title-color=\"#443f3f\" data-headings-color=\"#443f3f\" class=\"panel-widget-style panel-widget-style-for-1296-3-0-0\" ><h3 class=\"widget-title\">REALITi 360<\/h3><iframe title=\"Ready. Set. Go! REALITi Go is here.\" width=\"1170\" height=\"658\" src=\"https:\/\/www.youtube.com\/embed\/BzGX9rvb9I8?feature=oembed\" frameborder=\"0\" allow=\"accelerometer; autoplay; clipboard-write; encrypted-media; gyroscope; picture-in-picture; web-share\" referrerpolicy=\"strict-origin-when-cross-origin\" allowfullscreen><\/iframe><\/div><\/div><\/div><\/div><\/div><div id=\"pg-1296-4\"  class=\"panel-grid panel-has-style\" ><div class=\"siteorigin-panels-stretch panel-row-style panel-row-style-for-1296-4\" style=\"padding: 75px 0; \" data-stretch-type=\"full\" data-overlay=\"true\" ><div id=\"pgc-1296-4-0\"  class=\"panel-grid-cell\" ><div id=\"panel-1296-4-0-0\" class=\"so-panel widget widget_sow-headline panel-first-child panel-last-child\" data-index=\"7\" ><div style=\"text-align: left;\" data-title-color=\"#443f3f\" data-headings-color=\"#443f3f\" class=\"panel-widget-style panel-widget-style-for-1296-4-0-0\" ><div\n\t\t\t\n\t\t\tclass=\"so-widget-sow-headline so-widget-sow-headline-default-aa9268e1a21e-1296\"\n\t\t\t\n\t\t><div class=\"sow-headline-container \">\n\t\t\t\t\t\t\t<h1 class=\"sow-headline\">\n\t\t\t\t\t\t\t\t\t\t\t\t\t<a href=\"https:\/\/simula.barcelona\/index.php\/contacto\/\" target=\"_blank\" rel=\"noopener noreferrer\">\n\t\t\t\t\t\t\t\tCONTACTA CON NOSOTROS<\/a>\t\t\t\t\t\t<\/h1>\n\t\t\t\t\t\t<\/div>\n<\/div><\/div><\/div><\/div><\/div><\/div><\/div>","protected":false},"excerpt":{"rendered":"<p>iSimulate iSimulate proporciona soluciones de simulaci\u00f3n inteligentes que son utilizadas por organizaciones de todo el mundo. Nuestro mantra es simple: utilizamos lo mejor de la tecnolog\u00eda m\u00f3vil actual para crear productos m\u00e1s realistas, rentables y sencillos de usar que las soluciones tradicionales. Entrena en cualquier lugar y en cualquier momento con nuestros sistemas flexibles de [&hellip;]<\/p>\n","protected":false},"author":1,"featured_media":0,"parent":0,"menu_order":0,"comment_status":"closed","ping_status":"closed","template":"page-templates\/page_no-header-wide.php","meta":{"_bbp_topic_count":0,"_bbp_reply_count":0,"_bbp_total_topic_count":0,"_bbp_total_reply_count":0,"_bbp_voice_count":0,"_bbp_anonymous_reply_count":0,"_bbp_topic_count_hidden":0,"_bbp_reply_count_hidden":0,"_bbp_forum_subforum_count":0},"_links":{"self":[{"href":"https:\/\/simula.barcelona\/index.php\/wp-json\/wp\/v2\/pages\/1296"}],"collection":[{"href":"https:\/\/simula.barcelona\/index.php\/wp-json\/wp\/v2\/pages"}],"about":[{"href":"https:\/\/simula.barcelona\/index.php\/wp-json\/wp\/v2\/types\/page"}],"author":[{"embeddable":true,"href":"https:\/\/simula.barcelona\/index.php\/wp-json\/wp\/v2\/users\/1"}],"replies":[{"embeddable":true,"href":"https:\/\/simula.barcelona\/index.php\/wp-json\/wp\/v2\/comments?post=1296"}],"version-history":[{"count":31,"href":"https:\/\/simula.barcelona\/index.php\/wp-json\/wp\/v2\/pages\/1296\/revisions"}],"predecessor-version":[{"id":1368,"href":"https:\/\/simula.barcelona\/index.php\/wp-json\/wp\/v2\/pages\/1296\/revisions\/1368"}],"wp:attachment":[{"href":"https:\/\/simula.barcelona\/index.php\/wp-json\/wp\/v2\/media?parent=1296"}],"curies":[{"name":"wp","href":"https:\/\/api.w.org\/{rel}","templated":true}]}}