{"id":1223,"date":"2021-01-05T12:30:16","date_gmt":"2021-01-05T11:30:16","guid":{"rendered":"https:\/\/simula.barcelona\/?page_id=1223"},"modified":"2021-01-05T22:41:37","modified_gmt":"2021-01-05T21:41:37","slug":"laerdal-2","status":"publish","type":"page","link":"https:\/\/simula.barcelona\/index.php\/laerdal-2\/","title":{"rendered":"Laerdal"},"content":{"rendered":"<div id=\"pl-1223\"  class=\"panel-layout\" ><div id=\"pg-1223-0\"  class=\"panel-grid panel-has-style\" ><div class=\"siteorigin-panels-stretch panel-row-style panel-row-style-for-1223-0\" style=\"padding: 20px 0; \" data-stretch-type=\"full-stretched\" data-overlay=\"true\" data-overlay-color=\"#000000\" ><div id=\"pgc-1223-0-0\"  class=\"panel-grid-cell\" ><div id=\"panel-1223-0-0-0\" class=\"so-panel widget widget_sydney_image_widget sydney_image_widget_widget panel-first-child\" data-index=\"0\" ><div style=\"text-align: left;\" data-title-color=\"#443f3f\" data-headings-color=\"#443f3f\" class=\"panel-widget-style panel-widget-style-for-1223-0-0-0\" ><div style=\"display:inline-block;max-width:100%;\" class=\"sydney-image\"><img src=\"https:\/\/simula.barcelona\/wp-content\/uploads\/descarga.jpg\"\/><\/div><\/div><\/div><div id=\"panel-1223-0-0-1\" class=\"so-panel widget widget_sydney_image_widget sydney_image_widget_widget panel-last-child\" data-index=\"1\" ><div style=\"text-align: center;\" data-title-color=\"#443f3f\" data-headings-color=\"#443f3f\" class=\"panel-widget-style panel-widget-style-for-1223-0-0-1\" ><div style=\"display:inline-block;max-width:100%;\" class=\"sydney-image\"><img src=\"https:\/\/simula.barcelona\/wp-content\/uploads\/ResusciAnneQCPR.jpg\"\/><\/div><\/div><\/div><\/div><\/div><\/div><div id=\"pg-1223-1\"  class=\"panel-grid panel-has-style\" ><div class=\"siteorigin-panels-stretch panel-row-style panel-row-style-for-1223-1\" style=\"padding: 50px 0; \" data-stretch-type=\"full\" data-overlay=\"true\" ><div id=\"pgc-1223-1-0\"  class=\"panel-grid-cell\" ><div id=\"panel-1223-1-0-0\" class=\"so-panel widget widget_sow-headline panel-first-child\" data-index=\"2\" ><div style=\"text-align: left;\" data-title-color=\"#443f3f\" data-headings-color=\"#443f3f\" class=\"panel-widget-style panel-widget-style-for-1223-1-0-0\" ><div\n\t\t\t\n\t\t\tclass=\"so-widget-sow-headline so-widget-sow-headline-default-25638374aa08-1223\"\n\t\t\t\n\t\t><div class=\"sow-headline-container \">\n\t\t\t\t\t\t\t<h1 class=\"sow-headline\">\n\t\t\t\t\t\tLAERDAL\t\t\t\t\t\t<\/h1>\n\t\t\t\t\t\t\t\t\t\t\t\t<h3 class=\"sow-sub-headline\">\n\t\t\t\t\t\tLaerdal fue fundada en 1940 como una compa\u00f1\u00eda de juguetes. En 1960, junto con los doctores Lind y Safar, lanzaron el primer simulador de paciente, el maniqu\u00ed Resusci Anne. Desde entonces Laerdal y Resusci Anne han sido un referente en simulaci\u00f3n y entrenamiento en reanimaci\u00f3n cardiopulmonar.\t\t\t\t\t\t<\/h3>\n\t\t\t\t\t\t<\/div>\n<\/div><\/div><\/div><div id=\"panel-1223-1-0-1\" class=\"so-panel widget widget_sow-button panel-last-child\" data-index=\"3\" ><div style=\"text-align: left;\" data-title-color=\"#443f3f\" data-headings-color=\"#443f3f\" class=\"panel-widget-style panel-widget-style-for-1223-1-0-1\" ><div\n\t\t\t\n\t\t\tclass=\"so-widget-sow-button so-widget-sow-button-atom-48beb218c338-1223\"\n\t\t\t\n\t\t><div class=\"ow-button-base ow-button-align-center\">\n\t\t\t<a\n\t\t\t\t\thref=\"https:\/\/simula.barcelona\/index.php\/contacto\/\"\n\t\t\t\t\tclass=\"sowb-button ow-icon-placement-left ow-button-hover\" target=\"_blank\" rel=\"noopener noreferrer\" \t>\n\t\t<span>\n\t\t\t<div class=\"sow-icon-image\" style=\"background-image: url(https:\/\/simula.barcelona\/wp-content\/uploads\/icono-web.jpg)\"><\/div>\n\t\t\t\u00bfTe interesa?\t\t<\/span>\n\t\t\t<\/a>\n\t<\/div>\n<\/div><\/div><\/div><\/div><\/div><\/div><div id=\"pg-1223-2\"  class=\"panel-grid panel-has-style\" ><div class=\"siteorigin-panels-stretch panel-row-style panel-row-style-for-1223-2\" style=\"padding: 20px 0; \" data-stretch-type=\"full\" data-overlay=\"true\" data-overlay-color=\"#000000\" ><div id=\"pgc-1223-2-0\"  class=\"panel-grid-cell\" ><div id=\"panel-1223-2-0-0\" class=\"so-panel widget widget_sow-headline panel-first-child\" data-index=\"4\" ><div style=\"text-align: left;\" data-title-color=\"#443f3f\" data-headings-color=\"#443f3f\" class=\"panel-widget-style panel-widget-style-for-1223-2-0-0\" ><div\n\t\t\t\n\t\t\tclass=\"so-widget-sow-headline so-widget-sow-headline-default-25638374aa08-1223\"\n\t\t\t\n\t\t><div class=\"sow-headline-container \">\n\t\t\t\t\t\t\t<h3 class=\"sow-sub-headline\">\n\t\t\t\t\t\tLaerdal ofrece una amplia gama de productos de entrenamiento, formaci\u00f3n y terapia para  el soporte vital y la atenci\u00f3n m\u00e9dica de urgencia.\t\t\t\t\t\t<\/h3>\n\t\t\t\t\t\t<\/div>\n<\/div><\/div><\/div><div id=\"panel-1223-2-0-1\" class=\"so-panel widget widget_foogallery_widget foogallery_widget\" data-index=\"5\" ><div style=\"text-align: left;\" data-title-color=\"#443f3f\" data-headings-color=\"#443f3f\" class=\"panel-widget-style panel-widget-style-for-1223-2-0-1\" ><h3 class=\"widget-title\">LOS PRODUCTOS LAERDAL<\/h3>\t\t\t<style>\r\n                #foogallery-gallery-1331.fg-justified .fg-item {\r\n                    margin-right: 2px;\r\n                    margin-bottom: 2px;\r\n                }\r\n\r\n                #foogallery-gallery-1331.fg-justified .fg-image {\r\n                    height: 200px;\r\n                }\r\n\t\t\t<\/style>\r\n\t\t\t<div class=\"foogallery foogallery-container foogallery-justified foogallery-lightbox-foobox fg-justified fg-dark fg-border-thin fg-round-small fg-shadow-outline fg-loading-default fg-loaded-fade-in fg-caption-always fg-hover-fade fg-hover-zoom2 fg-ready\" id=\"foogallery-gallery-1331\" data-foogallery=\"{&quot;item&quot;:{&quot;showCaptionTitle&quot;:true,&quot;showCaptionDescription&quot;:false},&quot;lazy&quot;:true,&quot;template&quot;:{&quot;rowHeight&quot;:200,&quot;maxRowHeight&quot;:250,&quot;margins&quot;:2,&quot;align&quot;:&quot;center&quot;,&quot;lastRow&quot;:&quot;smart&quot;}}\" >\r\n\t<div class=\"fg-item fg-type-image fg-idle\"><figure class=\"fg-item-inner\"><a href=\"https:\/\/simula.barcelona\/wp-content\/uploads\/Little-Anne.jpg\" data-caption-title=\"Maniqu\u00eds\" data-attachment-id=\"1156\" data-type=\"image\" class=\"fg-thumb\"><span class=\"fg-image-wrap\"><img height=\"250\" width=\"250\" class=\"skip-lazy fg-image\" data-src-fg=\"https:\/\/simula.barcelona\/wp-content\/uploads\/cache\/Little-Anne\/1624594685.jpg\" src=\"data:image\/svg+xml,%3Csvg%20xmlns%3D%22http%3A%2F%2Fwww.w3.org%2F2000%2Fsvg%22%20width%3D%22250%22%20height%3D%22250%22%20viewBox%3D%220%200%20250%20250%22%3E%3C%2Fsvg%3E\" loading=\"eager\"><\/span><span class=\"fg-image-overlay\"><\/span><\/a><figcaption class=\"fg-caption\"><div class=\"fg-caption-inner\"><div class=\"fg-caption-title\">Maniqu\u00eds<\/div><\/div><\/figcaption><\/figure><div class=\"fg-loader\"><\/div><\/div><div class=\"fg-item fg-type-image fg-idle\"><figure class=\"fg-item-inner\"><a href=\"https:\/\/simula.barcelona\/wp-content\/uploads\/Cabeza-via-aerea2-1.jpg\" data-caption-title=\"Cabeza v\u00eda a\u00e9rea adulto\" data-attachment-id=\"1628\" data-type=\"image\" class=\"fg-thumb\"><span class=\"fg-image-wrap\"><img height=\"250\" width=\"250\" class=\"skip-lazy fg-image\" data-src-fg=\"https:\/\/simula.barcelona\/wp-content\/uploads\/cache\/Cabeza-via-aerea2-1\/4168642580.jpg\" src=\"data:image\/svg+xml,%3Csvg%20xmlns%3D%22http%3A%2F%2Fwww.w3.org%2F2000%2Fsvg%22%20width%3D%22250%22%20height%3D%22250%22%20viewBox%3D%220%200%20250%20250%22%3E%3C%2Fsvg%3E\" loading=\"eager\"><\/span><span class=\"fg-image-overlay\"><\/span><\/a><figcaption class=\"fg-caption\"><div class=\"fg-caption-inner\"><div class=\"fg-caption-title\">Cabeza v\u00eda a\u00e9rea adulto<\/div><\/div><\/figcaption><\/figure><div class=\"fg-loader\"><\/div><\/div><div class=\"fg-item fg-type-image fg-idle\"><figure class=\"fg-item-inner\"><a href=\"https:\/\/simula.barcelona\/wp-content\/uploads\/Collarin-Stifneck.jpg\" data-caption-title=\"Material de Emergencia\" data-attachment-id=\"1344\" data-type=\"image\" class=\"fg-thumb\"><span class=\"fg-image-wrap\"><img height=\"250\" width=\"266\" class=\"skip-lazy fg-image\" data-src-fg=\"https:\/\/simula.barcelona\/wp-content\/uploads\/cache\/Collarin-Stifneck\/29978518.jpg\" src=\"data:image\/svg+xml,%3Csvg%20xmlns%3D%22http%3A%2F%2Fwww.w3.org%2F2000%2Fsvg%22%20width%3D%22266%22%20height%3D%22250%22%20viewBox%3D%220%200%20266%20250%22%3E%3C%2Fsvg%3E\" loading=\"eager\"><\/span><span class=\"fg-image-overlay\"><\/span><\/a><figcaption class=\"fg-caption\"><div class=\"fg-caption-inner\"><div class=\"fg-caption-title\">Material de Emergencia<\/div><\/div><\/figcaption><\/figure><div class=\"fg-loader\"><\/div><\/div><\/div>\r\n<\/div><\/div><div id=\"panel-1223-2-0-2\" class=\"so-panel widget widget_sow-features panel-last-child\" data-index=\"6\" ><div style=\"text-align: center;\" data-title-color=\"#443f3f\" data-headings-color=\"#443f3f\" class=\"panel-widget-style panel-widget-style-for-1223-2-0-2\" ><div\n\t\t\t\n\t\t\tclass=\"so-widget-sow-features so-widget-sow-features-default-5fbb4c1e21a4-1223\"\n\t\t\t\n\t\t>\n<div class=\"sow-features-list sow-features-responsive\">\n\n\t\t\t\t\t\t\t\t\t<div\n\t\t\t\tclass=\"sow-features-feature sow-icon-container-position-top\"\n\t\t\t\tstyle=\"display: flex; flex-direction: column; width: calc(33.333% - 25px);\"\n\t\t\t>\n\t\t\t\t\t\t\t<div class=\"sow-features-feature-right-left-container\" style=\"display: flex; flex-direction: inherit;\">\n\t\t\t\n\t\t\t\t\t\t\t\t<div\n\t\t\t\t\tclass=\"sow-icon-container sow-container-none\"\n\t\t\t\t\tstyle=\"color: #dd3333; \"\n\t\t\t\t\t\t\t\t\t>\n\t\t\t\t\t\t\t\t\t<\/div>\n\t\t\t\t\n\t\t\t\t<div class=\"textwidget\">\n\t\t\t\t\t\t\t\t\t\t\t<div class=\"sow-features-feature-content\">\n\t\t\t\t\t\n\t\t\t\t\t\t\t\t\t\t\t<h5>\n\t\t\t\t\t\t\t\n\t\t\t\t\t\t\tMANIQU\u00cdS\t\t\t\t\t\t\t\t\t\t\t\t\t<\/h5>\n\t\t\t\t\t\n\t\t\t\t\t\t\t\t\t\t\t<p>Maniqu\u00eds que ayudan a mejorar la formaci\u00f3n en RCP para alcanzar un nuevo nivel de destreza. Dise\u00f1ados para ser flexibles y actualizables en el tiempo, los maniqu\u00eds Laerdal ayudan a los reanimadores a formarse hasta lograr la perfecci\u00f3n en una amplia gama de habilidades de reanimaci\u00f3n.<\/p>\n\t\t\t\t\t\n\t\t\t\t\t\t\t\t\t\t\t<\/div>\n\t\t\t\t\t\t<p class=\"sow-more-text\">\n\t\t\t\t\t\t\t<a href=\"https:\/\/simula.barcelona\/index.php\/contacto\/\" target=\"_blank\" rel=\"noopener noreferrer\">\t\t\t\t\t\t\t\u00bfTe interesan?\t\t\t\t\t\t\t<\/a>\t\t\t\t\t\t<\/p>\n\t\t\t\t\t\t\t\t\t<\/div>\n\t\t\t\t\t\t\t\t\t<\/div>\n\t\t\t\t\t\t\t\t\n\t\t\t\t\t\t\t<\/div>\n\n\t\t\t\t\t\t\t\t<div\n\t\t\t\tclass=\"sow-features-feature sow-icon-container-position-top\"\n\t\t\t\tstyle=\"display: flex; flex-direction: column; width: calc(33.333% - 25px);\"\n\t\t\t>\n\t\t\t\t\t\t\t<div class=\"sow-features-feature-right-left-container\" style=\"display: flex; flex-direction: inherit;\">\n\t\t\t\n\t\t\t\t\t\t\t\t<div\n\t\t\t\t\tclass=\"sow-icon-container sow-container-none\"\n\t\t\t\t\tstyle=\"color: #dd3333; \"\n\t\t\t\t\t\t\t\t\t>\n\t\t\t\t\t\t\t\t\t<\/div>\n\t\t\t\t\n\t\t\t\t<div class=\"textwidget\">\n\t\t\t\t\t\t\t\t\t\t\t<div class=\"sow-features-feature-content\">\n\t\t\t\t\t\n\t\t\t\t\t\t\t\t\t\t\t<h5>\n\t\t\t\t\t\t\t\n\t\t\t\t\t\t\tSIMULADORES DE T\u00c9CNICAS\t\t\t\t\t\t\t\t\t\t\t\t\t<\/h5>\n\t\t\t\t\t\n\t\t\t\t\t\t\t\t\t\t\t<p>Laerdal nos ofrece simuladores de diferentes t\u00e9cnicas, desde simuladores de parto a simuladores de v\u00eda a\u00e9rea para pacientes de cualquier edad, todos con una excelente relaci\u00f3n precio-durabilidad.<\/p>\n\t\t\t\t\t\n\t\t\t\t\t\t\t\t\t\t\t<\/div>\n\t\t\t\t\t\t<p class=\"sow-more-text\">\n\t\t\t\t\t\t\t<a href=\"https:\/\/simula.barcelona\/index.php\/contacto\/\" target=\"_blank\" rel=\"noopener noreferrer\">\t\t\t\t\t\t\t\u00bfTe interesan?\t\t\t\t\t\t\t<\/a>\t\t\t\t\t\t<\/p>\n\t\t\t\t\t\t\t\t\t<\/div>\n\t\t\t\t\t\t\t\t\t<\/div>\n\t\t\t\t\t\t\t\t\n\t\t\t\t\t\t\t<\/div>\n\n\t\t\t\t\t\t\t\t<div\n\t\t\t\tclass=\"sow-features-feature sow-icon-container-position-top\"\n\t\t\t\tstyle=\"display: flex; flex-direction: column; width: calc(33.333% - 25px);\"\n\t\t\t>\n\t\t\t\t\t\t\t<div class=\"sow-features-feature-right-left-container\" style=\"display: flex; flex-direction: inherit;\">\n\t\t\t\n\t\t\t\t\t\t\t\t<div\n\t\t\t\t\tclass=\"sow-icon-container sow-container-none\"\n\t\t\t\t\tstyle=\"color: #dd3333; \"\n\t\t\t\t\t\t\t\t\t>\n\t\t\t\t\t\t\t\t\t<\/div>\n\t\t\t\t\n\t\t\t\t<div class=\"textwidget\">\n\t\t\t\t\t\t\t\t\t\t\t<div class=\"sow-features-feature-content\">\n\t\t\t\t\t\n\t\t\t\t\t\t\t\t\t\t\t<h5>\n\t\t\t\t\t\t\t\n\t\t\t\t\t\t\tMATERIAL DE EMERGENCIAS\t\t\t\t\t\t\t\t\t\t\t\t\t<\/h5>\n\t\t\t\t\t\n\t\t\t\t\t\t\t\t\t\t\t<p>Bolsas resucitadores de gran calidad, material para la inmovilizaci\u00f3n y movilizaci\u00f3n de pacientes (collarines, tableros espinales,\u2026).<\/p>\n\t\t\t\t\t\n\t\t\t\t\t\t\t\t\t\t\t<\/div>\n\t\t\t\t\t\t<p class=\"sow-more-text\">\n\t\t\t\t\t\t\t<a href=\"https:\/\/simula.barcelona\/index.php\/contacto\/\" target=\"_blank\" rel=\"noopener noreferrer\">\t\t\t\t\t\t\t\u00bfTe interesan?\t\t\t\t\t\t\t<\/a>\t\t\t\t\t\t<\/p>\n\t\t\t\t\t\t\t\t\t<\/div>\n\t\t\t\t\t\t\t\t\t<\/div>\n\t\t\t\t\t\t\t\t\n\t\t\t\t\t\t\t<\/div>\n\n\t\t\t\n<\/div>\n<\/div><\/div><\/div><\/div><\/div><\/div><div id=\"pg-1223-3\"  class=\"panel-grid panel-has-style\" ><div class=\"siteorigin-panels-stretch panel-row-style panel-row-style-for-1223-3\" style=\"padding: 75px 0; \" data-stretch-type=\"full\" data-overlay=\"true\" ><div id=\"pgc-1223-3-0\"  class=\"panel-grid-cell\" ><div id=\"panel-1223-3-0-0\" class=\"so-panel widget widget_sydney_video_widget sydney_video_widget_widget panel-first-child panel-last-child\" data-index=\"7\" ><div style=\"text-align: left;\" data-title-color=\"#443f3f\" data-headings-color=\"#443f3f\" class=\"panel-widget-style panel-widget-style-for-1223-3-0-0\" ><h3 class=\"widget-title\">RESUSCI ANNE QCPR<\/h3><iframe title=\"Resusci Anne QCPR - Clinical Features\" width=\"1170\" height=\"658\" src=\"https:\/\/www.youtube.com\/embed\/hIlUPIbFCnE?feature=oembed\" frameborder=\"0\" allow=\"accelerometer; autoplay; clipboard-write; encrypted-media; gyroscope; picture-in-picture; web-share\" referrerpolicy=\"strict-origin-when-cross-origin\" allowfullscreen><\/iframe><\/div><\/div><\/div><\/div><\/div><div id=\"pg-1223-4\"  class=\"panel-grid panel-has-style\" ><div class=\"siteorigin-panels-stretch panel-row-style panel-row-style-for-1223-4\" style=\"padding: 75px 0; \" data-stretch-type=\"full\" data-overlay=\"true\" ><div id=\"pgc-1223-4-0\"  class=\"panel-grid-cell\" ><div id=\"panel-1223-4-0-0\" class=\"so-panel widget widget_sow-headline panel-first-child panel-last-child\" data-index=\"8\" ><div style=\"text-align: left;\" data-title-color=\"#443f3f\" data-headings-color=\"#443f3f\" class=\"panel-widget-style panel-widget-style-for-1223-4-0-0\" ><div\n\t\t\t\n\t\t\tclass=\"so-widget-sow-headline so-widget-sow-headline-default-aa9268e1a21e-1223\"\n\t\t\t\n\t\t><div class=\"sow-headline-container \">\n\t\t\t\t\t\t\t<h1 class=\"sow-headline\">\n\t\t\t\t\t\t\t\t\t\t\t\t\t<a href=\"https:\/\/simula.barcelona\/index.php\/contacto\/\" target=\"_blank\" rel=\"noopener noreferrer\">\n\t\t\t\t\t\t\t\tCONTACTA CON NOSOTROS<\/a>\t\t\t\t\t\t<\/h1>\n\t\t\t\t\t\t<\/div>\n<\/div><\/div><\/div><\/div><\/div><\/div><\/div>","protected":false},"excerpt":{"rendered":"<p>LAERDAL Laerdal fue fundada en 1940 como una compa\u00f1\u00eda de juguetes. En 1960, junto con los doctores Lind y Safar, lanzaron el primer simulador de paciente, el maniqu\u00ed Resusci Anne. Desde entonces Laerdal y Resusci Anne han sido un referente en simulaci\u00f3n y entrenamiento en reanimaci\u00f3n cardiopulmonar. \u00bfTe interesa? Laerdal ofrece una amplia gama de [&hellip;]<\/p>\n","protected":false},"author":1,"featured_media":0,"parent":0,"menu_order":0,"comment_status":"closed","ping_status":"closed","template":"page-templates\/page_no-header-wide.php","meta":{"_bbp_topic_count":0,"_bbp_reply_count":0,"_bbp_total_topic_count":0,"_bbp_total_reply_count":0,"_bbp_voice_count":0,"_bbp_anonymous_reply_count":0,"_bbp_topic_count_hidden":0,"_bbp_reply_count_hidden":0,"_bbp_forum_subforum_count":0},"_links":{"self":[{"href":"https:\/\/simula.barcelona\/index.php\/wp-json\/wp\/v2\/pages\/1223"}],"collection":[{"href":"https:\/\/simula.barcelona\/index.php\/wp-json\/wp\/v2\/pages"}],"about":[{"href":"https:\/\/simula.barcelona\/index.php\/wp-json\/wp\/v2\/types\/page"}],"author":[{"embeddable":true,"href":"https:\/\/simula.barcelona\/index.php\/wp-json\/wp\/v2\/users\/1"}],"replies":[{"embeddable":true,"href":"https:\/\/simula.barcelona\/index.php\/wp-json\/wp\/v2\/comments?post=1223"}],"version-history":[{"count":103,"href":"https:\/\/simula.barcelona\/index.php\/wp-json\/wp\/v2\/pages\/1223\/revisions"}],"predecessor-version":[{"id":1440,"href":"https:\/\/simula.barcelona\/index.php\/wp-json\/wp\/v2\/pages\/1223\/revisions\/1440"}],"wp:attachment":[{"href":"https:\/\/simula.barcelona\/index.php\/wp-json\/wp\/v2\/media?parent=1223"}],"curies":[{"name":"wp","href":"https:\/\/api.w.org\/{rel}","templated":true}]}}